{"id":2049,"date":"2022-01-19T14:25:08","date_gmt":"2022-01-19T12:25:08","guid":{"rendered":"http:\/\/www.xn--tyvenmuseo-s5a8s.fi\/museum\/about-the-museum\/"},"modified":"2025-12-08T12:12:35","modified_gmt":"2025-12-08T10:12:35","slug":"about-the-museum","status":"publish","type":"page","link":"https:\/\/www.tyovaenmuseo.fi\/en\/museum\/about-the-museum\/","title":{"rendered":"About the museum"},"content":{"rendered":"<p>[et_pb_section fb_built=&#8221;1&#8243; fullwidth=&#8221;on&#8221; _builder_version=&#8221;4.13.1&#8243; _module_preset=&#8221;default&#8221; global_colors_info=&#8221;{}&#8221;][et_pb_fullwidth_header title=&#8221;@ET-DC@eyJkeW5hbWljIjp0cnVlLCJjb250ZW50IjoicG9zdF9saW5rIiwic2V0dGluZ3MiOnsiYmVmb3JlIjoiIiwiYWZ0ZXIiOiIiLCJ0ZXh0IjoicG9zdF90aXRsZSIsImN1c3RvbV90ZXh0IjoiIn19@&#8221; text_orientation=&#8221;center&#8221; _builder_version=&#8221;4.14.1&#8243; _dynamic_attributes=&#8221;title&#8221; _module_preset=&#8221;default&#8221; title_font=&#8221;Interstate Bold|||on|||||&#8221; title_font_size=&#8221;35px&#8221; title_letter_spacing=&#8221;1px&#8221; background_color=&#8221;rgba(10,10,10,0.5)&#8221; background_image=&#8221;https:\/\/www.tyovaenmuseo.fi\/wp-content\/uploads\/2021\/12\/werstas_ulkokuva_tietoa_header.jpg&#8221; background_blend=&#8221;overlay&#8221; min_height=&#8221;450px&#8221; min_height_tablet=&#8221;450px&#8221; min_height_phone=&#8221;300px&#8221; min_height_last_edited=&#8221;on|phone&#8221; custom_padding=&#8221;200px||||false|false&#8221; custom_padding_tablet=&#8221;200px||||false|false&#8221; custom_padding_phone=&#8221;140px||||false|false&#8221; custom_padding_last_edited=&#8221;on|phone&#8221; title_font_size_tablet=&#8221;35px&#8221; title_font_size_phone=&#8221;25px&#8221; title_font_size_last_edited=&#8221;on|phone&#8221; title_text_shadow_style=&#8221;preset3&#8243; title_text_shadow_blur_strength=&#8221;0.36em&#8221; title_text_shadow_color=&#8221;rgba(0,0,0,0.8)&#8221; global_colors_info=&#8221;{}&#8221;][\/et_pb_fullwidth_header][\/et_pb_section][et_pb_section fb_built=&#8221;1&#8243; next_background_color=&#8221;#ffffff&#8221; _builder_version=&#8221;4.14.1&#8243; _module_preset=&#8221;default&#8221; background_color=&#8221;#f1f1f1&#8243; custom_padding=&#8221;||88px|||&#8221; top_divider_style=&#8221;slant&#8221; top_divider_color=&#8221;#93122a&#8221; top_divider_height=&#8221;47px&#8221; top_divider_height_tablet=&#8221;47px&#8221; top_divider_height_phone=&#8221;22px&#8221; top_divider_height_last_edited=&#8221;on|phone&#8221; bottom_divider_style=&#8221;mountains2&#8243; bottom_divider_height=&#8221;71px&#8221; bottom_divider_flip=&#8221;vertical&#8221; global_colors_info=&#8221;{}&#8221;][et_pb_row _builder_version=&#8221;4.14.1&#8243; _module_preset=&#8221;default&#8221; custom_margin=&#8221;50px|auto||auto||&#8221; custom_margin_tablet=&#8221;50px|auto||auto||&#8221; custom_margin_phone=&#8221;20px||||false|false&#8221; custom_margin_last_edited=&#8221;on|phone&#8221; global_colors_info=&#8221;{}&#8221;][et_pb_column type=&#8221;4_4&#8243; _builder_version=&#8221;4.14.1&#8243; _module_preset=&#8221;default&#8221; global_colors_info=&#8221;{}&#8221;][et_pb_text _builder_version=&#8221;4.14.6&#8243; _module_preset=&#8221;default&#8221; text_text_color=&#8221;#4f4237&#8243; text_font_size=&#8221;18px&#8221; text_line_height=&#8221;1.5em&#8221; max_width=&#8221;750px&#8221; text_font_size_tablet=&#8221;18px&#8221; text_font_size_phone=&#8221;16px&#8221; text_font_size_last_edited=&#8221;on|phone&#8221; text_orientation_tablet=&#8221;&#8221; text_orientation_phone=&#8221;center&#8221; text_orientation_last_edited=&#8221;on|phone&#8221; global_colors_info=&#8221;{}&#8221;]<\/p>\n<p><strong>The Finnish Labour Museum Werstas collects objects and other materials related to working life and social history in Finland. The museum is located in the historic Finlayson factory area in Tampere. Entry to the museum is always free of charge!<\/strong><\/p>\n<p>[\/et_pb_text][\/et_pb_column][\/et_pb_row][\/et_pb_section][et_pb_section fb_built=&#8221;1&#8243; _builder_version=&#8221;4.14.1&#8243; _module_preset=&#8221;default&#8221; background_image=&#8221;https:\/\/www.tyovaenmuseo.fi\/wp-content\/uploads\/2022\/01\/werstas_siluetti_piippu_2021_popupmedia_small_3.svg&#8221; background_size=&#8221;initial&#8221; background_position=&#8221;bottom_left&#8221; custom_padding=&#8221;||75px|||&#8221; global_colors_info=&#8221;{}&#8221;][et_pb_row column_structure=&#8221;1_2,1_2&#8243; _builder_version=&#8221;4.14.1&#8243; _module_preset=&#8221;default&#8221; global_colors_info=&#8221;{}&#8221;][et_pb_column type=&#8221;1_2&#8243; _builder_version=&#8221;4.14.1&#8243; _module_preset=&#8221;default&#8221; global_colors_info=&#8221;{}&#8221;][et_pb_text _builder_version=&#8221;4.14.7&#8243; _module_preset=&#8221;default&#8221; text_text_color=&#8221;#404040&#8243; hover_enabled=&#8221;0&#8243; global_colors_info=&#8221;{}&#8221; sticky_enabled=&#8221;0&#8243;]<\/p>\n<p>The Finnish Labour Museum Werstas is a national museum responsible for documenting Finnish working life and social history designated by the Finnish Ministry of Education and Culture. The Finnish Labour Museum Werstas\u2019 activities are based on extensive documentation and wide-ranging exhibitions, collections, and events. The museum also offers free admission to all visitors.<\/p>\n<p>The museum seeks to understand history from various perspectives by exploring the life of ordinary workers and various minorities, as well as marginal phenomena. Free admission offers everyone an equal opportunity to visit the museum and its exhibitions. The museum attracts more than 50,000 visitors every year.<\/p>\n<p>The Finnish Labour Museum Werstas has two smaller branch museums: the Finnish Museum of the Deaf and Nootti, the Museum of Finnish-Russian Relations. The Finnish Museum of the Deaf, which merged with Werstas in 2012, is located in Helsinki, and its collections are maintained in Tampere.<\/p>\n<p>[\/et_pb_text][et_pb_button button_url=&#8221;https:\/\/www.tyovaenmuseo.fi\/en\/contact\/arrival#esteettomyys&#8221; button_text=&#8221;Accessibility&#8221; _builder_version=&#8221;4.14.7&#8243; _module_preset=&#8221;default&#8221; custom_button=&#8221;on&#8221; button_text_color=&#8221;#FFFFFF&#8221; button_bg_color=&#8221;#93122a&#8221; button_border_width=&#8221;0px&#8221; button_border_radius=&#8221;0px&#8221; button_font=&#8221;|700|||||||&#8221; locked=&#8221;off&#8221; global_colors_info=&#8221;{}&#8221;][\/et_pb_button][\/et_pb_column][et_pb_column type=&#8221;1_2&#8243; _builder_version=&#8221;4.14.1&#8243; _module_preset=&#8221;default&#8221; global_colors_info=&#8221;{}&#8221;][et_pb_image src=&#8221;https:\/\/www.tyovaenmuseo.fi\/wp-content\/uploads\/2021\/12\/werstas_yhteys_museon_sisaankaynti-1.jpg&#8221; title_text=&#8221;werstas_yhteys_museon_sisaankaynti-(1)&#8221; _builder_version=&#8221;4.14.1&#8243; _module_preset=&#8221;default&#8221; box_shadow_style=&#8221;preset4&#8243; box_shadow_color=&#8221;#93122a&#8221; global_colors_info=&#8221;{}&#8221;][\/et_pb_image][\/et_pb_column][\/et_pb_row][\/et_pb_section][et_pb_section fb_built=&#8221;1&#8243; _builder_version=&#8221;4.14.1&#8243; _module_preset=&#8221;default&#8221; background_color=&#8221;#f1f1f1&#8243; custom_padding=&#8221;||75px|||&#8221; global_colors_info=&#8221;{}&#8221;][et_pb_row _builder_version=&#8221;4.14.1&#8243; _module_preset=&#8221;default&#8221; global_colors_info=&#8221;{}&#8221;][et_pb_column type=&#8221;4_4&#8243; _builder_version=&#8221;4.14.1&#8243; _module_preset=&#8221;default&#8221; global_colors_info=&#8221;{}&#8221;][et_pb_text _builder_version=&#8221;4.14.1&#8243; _module_preset=&#8221;default&#8221; header_2_font=&#8221;Interstate||||||||&#8221; header_2_text_color=&#8221;#93122a&#8221; header_2_letter_spacing=&#8221;1px&#8221; custom_margin=&#8221;||55px|||&#8221; global_colors_info=&#8221;{}&#8221;]<\/p>\n<h2><strong>The Finnish Labour Museum Association (Ty\u00f6v\u00e4en museoyhdistys ry)<\/strong><strong><\/strong><\/h2>\n<hr style=\"height: 4px; background-color: #4f4237; border: none; width: 45px; float: left;\">[\/et_pb_text][et_pb_text _builder_version=&#8221;4.14.7&#8243; _module_preset=&#8221;default&#8221; text_text_color=&#8221;#404040&#8243; link_text_color=&#8221;#93122A&#8221; max_width=&#8221;750px&#8221; global_colors_info=&#8221;{}&#8221;]<\/p>\n<p><strong>The museum is maintained by the Finnish Labour Museum Association, which consists of 29 institutional members.<\/strong><\/p>\n<p>The purpose of the association is to foster the traditions and material cultural heritage of the working population, to promote research on working life and social history, and to spark people\u2019s interest in the history of the industrial era and civil society. The Finnish Labour Museum Association is a politically independent organisation.<\/p>\n<p>Werstas receives an annual operating grant from the Ministry of Education and Culture in Finland, and the City of Tampere. The Finnish Association of the Deaf and the Employee Foundation (Palkansaajas\u00e4\u00e4ti\u00f6) also support Werstas in preserving Finnish cultural heritage.<\/p>\n<p>[\/et_pb_text][\/et_pb_column][\/et_pb_row][\/et_pb_section][et_pb_section fb_built=&#8221;1&#8243; _builder_version=&#8221;4.14.1&#8243; _module_preset=&#8221;default&#8221; background_image=&#8221;https:\/\/www.tyovaenmuseo.fi\/wp-content\/uploads\/2022\/01\/werstas_siluetti_juna_2021_popupmedia_small_1.svg&#8221; background_size=&#8221;initial&#8221; background_position=&#8221;bottom_right&#8221; custom_padding=&#8221;75px|||||&#8221; global_colors_info=&#8221;{}&#8221;][et_pb_row _builder_version=&#8221;4.14.1&#8243; _module_preset=&#8221;default&#8221; global_colors_info=&#8221;{}&#8221;][et_pb_column type=&#8221;4_4&#8243; _builder_version=&#8221;4.14.1&#8243; _module_preset=&#8221;default&#8221; global_colors_info=&#8221;{}&#8221;][et_pb_text _builder_version=&#8221;4.14.1&#8243; _module_preset=&#8221;default&#8221; header_2_font=&#8221;Interstate||||||||&#8221; header_2_text_color=&#8221;#93122a&#8221; header_2_letter_spacing=&#8221;1px&#8221; custom_margin=&#8221;||55px|||&#8221; global_colors_info=&#8221;{}&#8221;]<\/p>\n<h2><strong>The story of Werstas<\/strong><\/h2>\n<hr style=\"height: 4px; background-color: #4f4237; border: none; width: 45px; float: left;\">[\/et_pb_text][et_pb_text _builder_version=&#8221;4.14.7&#8243; _module_preset=&#8221;default&#8221; text_text_color=&#8221;#404040&#8243; max_width=&#8221;750px&#8221; hover_enabled=&#8221;0&#8243; global_colors_info=&#8221;{}&#8221; sticky_enabled=&#8221;0&#8243;]<\/p>\n<p><strong>The Finnish Labour Museum Werstas was founded in 1993. The museum tells about the life of ordinary people, the culture of the working population, and the history of marginal groups in Finland.<\/strong><\/p>\n<p>The museum opened its doors to the public in the old Finlayson factory area in November 1993. The museum started out by curating small-scale exhibitions. In 2001, the museum moved to its current premises by V\u00e4in\u00f6 Linna Square. The museum has expanded into a popular museum centre that hosts various interesting exhibitions and events. Entry to the museum has been free of charge since 2011. The Finnish Labour Museum Werstas joined forces with the Finnish Museum of the Deaf in 2012, and with the Lenin Museum in 2014. Lenin Museum was closed in 2024 and Nootti, the Museum of Finnish-Russian Relations, opened in the same premises in February 2025.<\/p>\n<p>Werstas specialises in recording the labour heritage. The museum provides a comprehensive overview of the cultural heritage of the Finnish working population by exploring the history of workers and working life, unemployment, different work environments, workers\u2019 housing, and the shared experiences and culture of the working class.<\/p>\n<p>The exhibitions also address sensitive topics and explore, for example, the cultural heritage of minorities. Werstas was the first museum in Finland to exhibit the history of gender and sexual minorities and feminism in Finland, the environmental movement, and the history of disability in Finland.<\/p>\n<p>[\/et_pb_text][\/et_pb_column][\/et_pb_row][\/et_pb_section][et_pb_section fb_built=&#8221;1&#8243; _builder_version=&#8221;4.14.1&#8243; _module_preset=&#8221;default&#8221; background_color=&#8221;#f1f1f1&#8243; custom_padding=&#8221;75px||75px|||&#8221; global_colors_info=&#8221;{}&#8221;][et_pb_row _builder_version=&#8221;4.14.1&#8243; _module_preset=&#8221;default&#8221; global_colors_info=&#8221;{}&#8221;][et_pb_column type=&#8221;4_4&#8243; _builder_version=&#8221;4.14.1&#8243; _module_preset=&#8221;default&#8221; global_colors_info=&#8221;{}&#8221;][et_pb_text _builder_version=&#8221;4.14.1&#8243; _module_preset=&#8221;default&#8221; header_2_font=&#8221;Interstate||||||||&#8221; header_2_text_color=&#8221;#93122a&#8221; header_2_letter_spacing=&#8221;1px&#8221; custom_margin=&#8221;||55px|||&#8221; global_colors_info=&#8221;{}&#8221;]<\/p>\n<h2><strong>Support the museum<\/strong><\/h2>\n<hr style=\"height: 4px; background-color: #4f4237; border: none; width: 45px; float: left;\">[\/et_pb_text][et_pb_text _builder_version=&#8221;4.14.7&#8243; _module_preset=&#8221;default&#8221; text_text_color=&#8221;#404040&#8243; link_text_color=&#8221;#93122a&#8221; max_width=&#8221;750px&#8221; hover_enabled=&#8221;0&#8243; global_colors_info=&#8221;{}&#8221; sticky_enabled=&#8221;0&#8243;]<\/p>\n<p><strong>You can support the museum\u2019s work, for example, by donating to collections, volunteering, or organising an event at Werstas. <\/strong><\/p>\n<p>We want to ensure a high-quality museum experience for everyone, regardless of social or financial status, which is why we provide free entry to all our exhibitions.<\/p>\n<p>We also want to give people the opportunity to influence and participate in the museum\u2019s activities. As a volunteer, you can help us develop the museum&#8217;s collections and assist in organising exhibitions and events. Our group of volunteers consists of about 20 active voluntary workers who love museums and share a passion for history.<\/p>\n<p>The museum&#8217;s activities can also be supported by joining the Museum Friend Association (Ty\u00f6v\u00e4enmuseon yst\u00e4v\u00e4t ry), organising an event at Werstas, or paying a voluntary admission fee. Fundraising boxes can be found at the museum\u2019s customer service point, and in the exhibition hall lobby.<\/p>\n<p>[\/et_pb_text][\/et_pb_column][\/et_pb_row][\/et_pb_section][et_pb_section fb_built=&#8221;1&#8243; _builder_version=&#8221;4.14.1&#8243; _module_preset=&#8221;default&#8221; custom_padding=&#8221;||18px|||&#8221; global_colors_info=&#8221;{}&#8221;][\/et_pb_section]<\/p>\n","protected":false},"excerpt":{"rendered":"<p>The Finnish Labour Museum Werstas collects objects and other materials related to working life and social history in Finland. The museum is located in the historic Finlayson factory area in Tampere. Entry to the museum is always free of charge!The Finnish Labour Museum Werstas is a national museum responsible for documenting Finnish working life and [&hellip;]<\/p>\n","protected":false},"author":1,"featured_media":0,"parent":2045,"menu_order":0,"comment_status":"closed","ping_status":"closed","template":"","meta":{"_et_pb_use_builder":"on","_et_pb_old_content":"","_et_gb_content_width":"","footnotes":""},"class_list":["post-2049","page","type-page","status-publish","hentry"],"_links":{"self":[{"href":"https:\/\/www.tyovaenmuseo.fi\/en\/wp-json\/wp\/v2\/pages\/2049","targetHints":{"allow":["GET"]}}],"collection":[{"href":"https:\/\/www.tyovaenmuseo.fi\/en\/wp-json\/wp\/v2\/pages"}],"about":[{"href":"https:\/\/www.tyovaenmuseo.fi\/en\/wp-json\/wp\/v2\/types\/page"}],"author":[{"embeddable":true,"href":"https:\/\/www.tyovaenmuseo.fi\/en\/wp-json\/wp\/v2\/users\/1"}],"replies":[{"embeddable":true,"href":"https:\/\/www.tyovaenmuseo.fi\/en\/wp-json\/wp\/v2\/comments?post=2049"}],"version-history":[{"count":16,"href":"https:\/\/www.tyovaenmuseo.fi\/en\/wp-json\/wp\/v2\/pages\/2049\/revisions"}],"predecessor-version":[{"id":8447,"href":"https:\/\/www.tyovaenmuseo.fi\/en\/wp-json\/wp\/v2\/pages\/2049\/revisions\/8447"}],"up":[{"embeddable":true,"href":"https:\/\/www.tyovaenmuseo.fi\/en\/wp-json\/wp\/v2\/pages\/2045"}],"wp:attachment":[{"href":"https:\/\/www.tyovaenmuseo.fi\/en\/wp-json\/wp\/v2\/media?parent=2049"}],"curies":[{"name":"wp","href":"https:\/\/api.w.org\/{rel}","templated":true}]}}