{"id":1985,"date":"2022-01-19T09:47:32","date_gmt":"2022-01-19T07:47:32","guid":{"rendered":"http:\/\/www.xn--tyvenmuseo-s5a8s.fi\/samlingar\/"},"modified":"2025-12-08T13:38:10","modified_gmt":"2025-12-08T11:38:10","slug":"samlingar","status":"publish","type":"page","link":"https:\/\/www.tyovaenmuseo.fi\/sv\/samlingar\/","title":{"rendered":"Samlingar"},"content":{"rendered":"<p>[et_pb_section fb_built=&#8221;1&#8243; fullwidth=&#8221;on&#8221; _builder_version=&#8221;4.13.1&#8243; _module_preset=&#8221;default&#8221; global_colors_info=&#8221;{}&#8221;][et_pb_fullwidth_header title=&#8221;@ET-DC@eyJkeW5hbWljIjp0cnVlLCJjb250ZW50IjoicG9zdF9saW5rIiwic2V0dGluZ3MiOnsiYmVmb3JlIjoiIiwiYWZ0ZXIiOiIiLCJ0ZXh0IjoicG9zdF90aXRsZSIsImN1c3RvbV90ZXh0IjoiIn19@&#8221; text_orientation=&#8221;center&#8221; _builder_version=&#8221;4.14.1&#8243; _dynamic_attributes=&#8221;title&#8221; _module_preset=&#8221;default&#8221; title_font=&#8221;Interstate Bold|||on|||||&#8221; title_font_size=&#8221;35px&#8221; title_letter_spacing=&#8221;1px&#8221; background_color=&#8221;rgba(10,10,10,0.5)&#8221; background_image=&#8221;https:\/\/www.tyovaenmuseo.fi\/wp-content\/uploads\/2021\/12\/werstas_kokoelmat_header.jpg&#8221; background_blend=&#8221;overlay&#8221; min_height=&#8221;450px&#8221; min_height_tablet=&#8221;450px&#8221; min_height_phone=&#8221;300px&#8221; min_height_last_edited=&#8221;on|phone&#8221; custom_padding=&#8221;200px||||false|false&#8221; custom_padding_tablet=&#8221;200px||||false|false&#8221; custom_padding_phone=&#8221;140px||||false|false&#8221; custom_padding_last_edited=&#8221;on|phone&#8221; title_text_shadow_style=&#8221;preset3&#8243; title_text_shadow_color=&#8221;rgba(0,0,0,0.76)&#8221; global_colors_info=&#8221;{}&#8221;][\/et_pb_fullwidth_header][\/et_pb_section][et_pb_section fb_built=&#8221;1&#8243; _builder_version=&#8221;4.14.1&#8243; _module_preset=&#8221;default&#8221; custom_padding=&#8221;||119px|||&#8221; top_divider_style=&#8221;slant&#8221; top_divider_color=&#8221;#F1F1F1&#8243; top_divider_height=&#8221;47px&#8221; top_divider_height_tablet=&#8221;47px&#8221; top_divider_height_phone=&#8221;20px&#8221; top_divider_height_last_edited=&#8221;on|phone&#8221; global_colors_info=&#8221;{}&#8221;][et_pb_row column_structure=&#8221;2_5,3_5&#8243; _builder_version=&#8221;4.14.1&#8243; _module_preset=&#8221;default&#8221; width=&#8221;100%&#8221; max_width=&#8221;100%&#8221; custom_margin=&#8221;60px|auto|0px|auto|false|false&#8221; custom_padding=&#8221;||0px||false|false&#8221; global_colors_info=&#8221;{}&#8221;][et_pb_column type=&#8221;2_5&#8243; _builder_version=&#8221;4.13.1&#8243; _module_preset=&#8221;default&#8221; global_colors_info=&#8221;{}&#8221;][et_pb_image src=&#8221;https:\/\/www.tyovaenmuseo.fi\/wp-content\/uploads\/2021\/12\/image_slant.svg&#8221; title_text=&#8221;blank&#8221; align=&#8221;right&#8221; src_tablet=&#8221;https:\/\/www.tyovaenmuseo.fi\/wp-content\/uploads\/2022\/01\/blank.png&#8221; src_phone=&#8221;https:\/\/www.tyovaenmuseo.fi\/wp-content\/uploads\/2022\/01\/blank.png&#8221; src_last_edited=&#8221;on|tablet&#8221; _builder_version=&#8221;4.14.1&#8243; _module_preset=&#8221;default&#8221; background_image=&#8221;https:\/\/www.tyovaenmuseo.fi\/wp-content\/uploads\/2021\/12\/werstas_kokoelmat_esinevarasto.jpg&#8221; max_height=&#8221;410px&#8221; max_height_tablet=&#8221;300px&#8221; max_height_phone=&#8221;200px&#8221; max_height_last_edited=&#8221;on|phone&#8221; custom_padding_tablet=&#8221;||400px||false|false&#8221; custom_padding_phone=&#8221;||200px||false|false&#8221; custom_padding_last_edited=&#8221;on|phone&#8221; global_colors_info=&#8221;{}&#8221;][\/et_pb_image][\/et_pb_column][et_pb_column type=&#8221;3_5&#8243; _builder_version=&#8221;4.13.1&#8243; _module_preset=&#8221;default&#8221; global_colors_info=&#8221;{}&#8221;][et_pb_cta title=&#8221;Om samlingarna&#8221; button_url=&#8221;@ET-DC@eyJkeW5hbWljIjp0cnVlLCJjb250ZW50IjoicG9zdF9saW5rX3VybF9wYWdlIiwic2V0dGluZ3MiOnsicG9zdF9pZCI6IjY0MiJ9fQ==@&#8221; button_text=&#8221;L\u00e4s mer&#8221; _builder_version=&#8221;4.14.1&#8243; _dynamic_attributes=&#8221;button_url&#8221; _module_preset=&#8221;default&#8221; header_font=&#8221;Interstate|700|||||||&#8221; header_text_color=&#8221;#93122a&#8221; header_font_size=&#8221;30px&#8221; header_letter_spacing=&#8221;1px&#8221; body_text_color=&#8221;#474747&#8243; background_enable_color=&#8221;off&#8221; custom_button=&#8221;on&#8221; button_text_color=&#8221;#FFFFFF&#8221; button_bg_color=&#8221;#93122a&#8221; button_border_width=&#8221;0px&#8221; button_border_color=&#8221;#FFFFFF&#8221; button_border_radius=&#8221;0px&#8221; button_font=&#8221;Interstate||||||||&#8221; button_use_icon=&#8221;off&#8221; button_custom_padding=&#8221;|40px||40px|false|false&#8221; text_orientation=&#8221;left&#8221; max_width=&#8221;800px&#8221; custom_margin=&#8221;||||false|false&#8221; custom_margin_tablet=&#8221;|||0px|false|false&#8221; custom_margin_phone=&#8221;|||0px|false|false&#8221; custom_margin_last_edited=&#8221;on|tablet&#8221; custom_padding=&#8221;60px|||15%|false|false&#8221; custom_padding_tablet=&#8221;30px||120px|8%|false|false&#8221; custom_padding_phone=&#8221;20px||90px|7%|false|false&#8221; custom_padding_last_edited=&#8221;on|tablet&#8221; global_colors_info=&#8221;{}&#8221; button_bg_color__hover_enabled=&#8221;on|hover&#8221; button_bg_color__hover=&#8221;#FFFFFF&#8221; button_bg_enable_color__hover=&#8221;on&#8221; button_text_color__hover_enabled=&#8221;on|hover&#8221; button_text_color__hover=&#8221;#93122a&#8221;]<\/p>\n<p>&nbsp;<\/p>\n<p>Arbetarmuseet Werstas \u00e4r det nationella ansvarsmuseet f\u00f6r arbetsliv och socialhistoria. Museets samlingar ber\u00e4ttar om det finl\u00e4ndska civilsamh\u00e4llets utveckling och f\u00f6r\u00e4ndringar.<\/p>\n<p>&nbsp;<\/p>\n<p>[\/et_pb_cta][et_pb_image src=&#8221;https:\/\/www.tyovaenmuseo.fi\/wp-content\/uploads\/2022\/01\/blank.png&#8221; title_text=&#8221;blank&#8221; disabled_on=&#8221;off|off|on&#8221; _builder_version=&#8221;4.14.1&#8243; _module_preset=&#8221;default&#8221; background_image=&#8221;https:\/\/www.tyovaenmuseo.fi\/wp-content\/uploads\/2021\/12\/werstas_kokoelmat_esinevarasto.jpg&#8221; max_height=&#8221;410px&#8221; max_height_tablet=&#8221;300px&#8221; max_height_phone=&#8221;200px&#8221; max_height_last_edited=&#8221;on|phone&#8221; custom_padding_tablet=&#8221;||400px||false|false&#8221; custom_padding_phone=&#8221;||200px||false|false&#8221; custom_padding_last_edited=&#8221;on|phone&#8221; global_colors_info=&#8221;{}&#8221;][\/et_pb_image][\/et_pb_column][\/et_pb_row][et_pb_row column_structure=&#8221;3_5,2_5&#8243; custom_padding_last_edited=&#8221;on|phone&#8221; _builder_version=&#8221;4.14.1&#8243; _module_preset=&#8221;default&#8221; width=&#8221;100%&#8221; max_width=&#8221;100%&#8221; custom_margin=&#8221;|auto|0px|auto|false|false&#8221; custom_padding=&#8221;120px||0px||false|false&#8221; custom_padding_tablet=&#8221;60px||||false|false&#8221; custom_padding_phone=&#8221;40px||0px||false|false&#8221; global_colors_info=&#8221;{}&#8221;][et_pb_column type=&#8221;3_5&#8243; _builder_version=&#8221;4.13.1&#8243; _module_preset=&#8221;default&#8221; global_colors_info=&#8221;{}&#8221;][et_pb_cta title=&#8221;Samarbete och historietj\u00e4nster&#8221; button_url=&#8221;@ET-DC@eyJkeW5hbWljIjp0cnVlLCJjb250ZW50IjoicG9zdF9saW5rX3VybF9wYWdlIiwic2V0dGluZ3MiOnsicG9zdF9pZCI6IjY3NSJ9fQ==@&#8221; _builder_version=&#8221;4.14.6&#8243; _dynamic_attributes=&#8221;button_url&#8221; _module_preset=&#8221;default&#8221; header_font=&#8221;Interstate|700|||||||&#8221; header_text_color=&#8221;#93122a&#8221; header_font_size=&#8221;30px&#8221; header_letter_spacing=&#8221;1px&#8221; body_text_color=&#8221;#474747&#8243; background_enable_color=&#8221;off&#8221; custom_button=&#8221;on&#8221; button_text_color=&#8221;#FFFFFF&#8221; button_bg_color=&#8221;#93122a&#8221; button_border_width=&#8221;0px&#8221; button_border_color=&#8221;#FFFFFF&#8221; button_border_radius=&#8221;0px&#8221; button_font=&#8221;Interstate||||||||&#8221; button_use_icon=&#8221;off&#8221; button_custom_padding=&#8221;|40px||40px|false|false&#8221; text_orientation=&#8221;left&#8221; max_width=&#8221;1000px&#8221; custom_margin=&#8221;||||false|false&#8221; custom_margin_tablet=&#8221;|||0px|false|false&#8221; custom_margin_phone=&#8221;|||0px|false|false&#8221; custom_margin_last_edited=&#8221;on|tablet&#8221; custom_padding=&#8221;60px|||30%|false|false&#8221; custom_padding_tablet=&#8221;20px|||8%|false|false&#8221; custom_padding_phone=&#8221;20px|||8%|false|false&#8221; custom_padding_last_edited=&#8221;on|phone&#8221; global_colors_info=&#8221;{}&#8221; button_text_color__hover_enabled=&#8221;on|hover&#8221; button_text_color__hover=&#8221;#93122a&#8221; button_bg_color__hover_enabled=&#8221;on|hover&#8221; button_bg_color__hover=&#8221;#FFFFFF&#8221; button_bg_enable_color__hover=&#8221;on&#8221;]<\/p>\n<p>&nbsp;<\/p>\n<p>Werstas samarbetar med andra museer, arbetarhistoriska institutioner och vetenskapssamh\u00e4llet. Vi erbjuder ocks\u00e5 historietj\u00e4nster f\u00f6r samfund, bland annat historiska \u00f6versikter, redog\u00f6relser och jubileumsutst\u00e4llningar.<\/p>\n<p>&nbsp;<\/p>\n<p>[\/et_pb_cta][\/et_pb_column][et_pb_column type=&#8221;2_5&#8243; _builder_version=&#8221;4.13.1&#8243; _module_preset=&#8221;default&#8221; global_colors_info=&#8221;{}&#8221;][et_pb_image src=&#8221;https:\/\/www.tyovaenmuseo.fi\/wp-content\/uploads\/2021\/12\/image_slant_2.svg&#8221; title_text=&#8221;werstas_kokoelmat_esinevarasto&#8221; disabled_on=&#8221;on|on|off&#8221; _builder_version=&#8221;4.14.1&#8243; _module_preset=&#8221;default&#8221; background_image=&#8221;https:\/\/www.tyovaenmuseo.fi\/wp-content\/uploads\/2021\/12\/werstas_kokoelmat_esinevarasto.jpg&#8221; max_height=&#8221;410px&#8221; global_colors_info=&#8221;{}&#8221;][\/et_pb_image][\/et_pb_column][\/et_pb_row][et_pb_row column_structure=&#8221;2_5,3_5&#8243; _builder_version=&#8221;4.14.1&#8243; _module_preset=&#8221;default&#8221; width=&#8221;100%&#8221; max_width=&#8221;100%&#8221; custom_margin=&#8221;95px|auto|0px|auto|false|false&#8221; custom_padding=&#8221;20px||0px||false|false&#8221; global_colors_info=&#8221;{}&#8221;][et_pb_column type=&#8221;2_5&#8243; _builder_version=&#8221;4.13.1&#8243; _module_preset=&#8221;default&#8221; global_colors_info=&#8221;{}&#8221;][et_pb_image src=&#8221;https:\/\/www.tyovaenmuseo.fi\/wp-content\/uploads\/2021\/12\/image_slant.svg&#8221; title_text=&#8221;blank&#8221; align=&#8221;right&#8221; src_tablet=&#8221;https:\/\/www.tyovaenmuseo.fi\/wp-content\/uploads\/2022\/01\/blank.png&#8221; src_phone=&#8221;https:\/\/www.tyovaenmuseo.fi\/wp-content\/uploads\/2022\/01\/blank.png&#8221; src_last_edited=&#8221;on|tablet&#8221; _builder_version=&#8221;4.14.1&#8243; _module_preset=&#8221;default&#8221; background_image=&#8221;https:\/\/www.tyovaenmuseo.fi\/wp-content\/uploads\/2021\/12\/werstas_yhteystietosivu_linkki_kalenteriin.jpg&#8221; max_height=&#8221;410px&#8221; max_height_tablet=&#8221;300px&#8221; max_height_phone=&#8221;200px&#8221; max_height_last_edited=&#8221;on|phone&#8221; custom_padding_tablet=&#8221;||400px||false|false&#8221; custom_padding_phone=&#8221;||200px||false|false&#8221; custom_padding_last_edited=&#8221;on|phone&#8221; global_colors_info=&#8221;{}&#8221;][\/et_pb_image][\/et_pb_column][et_pb_column type=&#8221;3_5&#8243; _builder_version=&#8221;4.13.1&#8243; _module_preset=&#8221;default&#8221; global_colors_info=&#8221;{}&#8221;][et_pb_cta title=&#8221;Donationer&#8221; button_url=&#8221;@ET-DC@eyJkeW5hbWljIjp0cnVlLCJjb250ZW50IjoicG9zdF9saW5rX3VybF9wYWdlIiwic2V0dGluZ3MiOnsicG9zdF9pZCI6IjcxMiJ9fQ==@&#8221; button_text=&#8221;L\u00e4s mer&#8221; _builder_version=&#8221;4.14.1&#8243; _dynamic_attributes=&#8221;button_url&#8221; _module_preset=&#8221;default&#8221; header_font=&#8221;Interstate|700|||||||&#8221; header_text_color=&#8221;#93122a&#8221; header_font_size=&#8221;30px&#8221; header_letter_spacing=&#8221;1px&#8221; body_text_color=&#8221;#474747&#8243; background_enable_color=&#8221;off&#8221; custom_button=&#8221;on&#8221; button_text_color=&#8221;#FFFFFF&#8221; button_bg_color=&#8221;#93122a&#8221; button_border_width=&#8221;0px&#8221; button_border_color=&#8221;#FFFFFF&#8221; button_border_radius=&#8221;0px&#8221; button_font=&#8221;Interstate||||||||&#8221; button_use_icon=&#8221;off&#8221; button_custom_padding=&#8221;|40px||40px|false|false&#8221; text_orientation=&#8221;left&#8221; max_width=&#8221;800px&#8221; custom_margin=&#8221;||||false|false&#8221; custom_margin_tablet=&#8221;|||0px|false|false&#8221; custom_margin_phone=&#8221;|||0px|false|false&#8221; custom_margin_last_edited=&#8221;on|tablet&#8221; custom_padding=&#8221;60px|||15%|false|false&#8221; custom_padding_tablet=&#8221;30px||120px|8%|false|false&#8221; custom_padding_phone=&#8221;20px||90px|8%|false|false&#8221; custom_padding_last_edited=&#8221;on|phone&#8221; global_colors_info=&#8221;{}&#8221; button_bg_color__hover_enabled=&#8221;on|hover&#8221; button_bg_color__hover=&#8221;#FFFFFF&#8221; button_bg_enable_color__hover=&#8221;on&#8221; button_text_color__hover_enabled=&#8221;on|hover&#8221; button_text_color__hover=&#8221;#93122a&#8221;]<\/p>\n<p>&nbsp;<\/p>\n<p><span style=\"font-weight: 400;\">Werstas samlar f\u00f6rem\u00e5l och fotografier som f\u00f6rknippas med arbetsliv och socialhistoria. Efter \u00f6verv\u00e4gande kan \u00e4ven b\u00f6cker, tidningar och andra trycksaker, arkivmaterial samt ljud- och bildinspelningar inkluderas i samlingarna. <\/span><\/p>\n<p>&nbsp;<\/p>\n<p>[\/et_pb_cta][\/et_pb_column][\/et_pb_row][\/et_pb_section]<\/p>\n","protected":false},"excerpt":{"rendered":"<p>&nbsp; Arbetarmuseet Werstas \u00e4r det nationella ansvarsmuseet f\u00f6r arbetsliv och socialhistoria. Museets samlingar ber\u00e4ttar om det finl\u00e4ndska civilsamh\u00e4llets utveckling och f\u00f6r\u00e4ndringar. &nbsp;&nbsp; Werstas samarbetar med andra museer, arbetarhistoriska institutioner och vetenskapssamh\u00e4llet. Vi erbjuder ocks\u00e5 historietj\u00e4nster f\u00f6r samfund, bland annat historiska \u00f6versikter, redog\u00f6relser och jubileumsutst\u00e4llningar. &nbsp;&nbsp; Werstas samlar f\u00f6rem\u00e5l och fotografier som f\u00f6rknippas med arbetsliv och [&hellip;]<\/p>\n","protected":false},"author":1,"featured_media":0,"parent":0,"menu_order":0,"comment_status":"closed","ping_status":"closed","template":"","meta":{"_et_pb_use_builder":"on","_et_pb_old_content":"","_et_gb_content_width":"","footnotes":""},"class_list":["post-1985","page","type-page","status-publish","hentry"],"_links":{"self":[{"href":"https:\/\/www.tyovaenmuseo.fi\/sv\/wp-json\/wp\/v2\/pages\/1985","targetHints":{"allow":["GET"]}}],"collection":[{"href":"https:\/\/www.tyovaenmuseo.fi\/sv\/wp-json\/wp\/v2\/pages"}],"about":[{"href":"https:\/\/www.tyovaenmuseo.fi\/sv\/wp-json\/wp\/v2\/types\/page"}],"author":[{"embeddable":true,"href":"https:\/\/www.tyovaenmuseo.fi\/sv\/wp-json\/wp\/v2\/users\/1"}],"replies":[{"embeddable":true,"href":"https:\/\/www.tyovaenmuseo.fi\/sv\/wp-json\/wp\/v2\/comments?post=1985"}],"version-history":[{"count":18,"href":"https:\/\/www.tyovaenmuseo.fi\/sv\/wp-json\/wp\/v2\/pages\/1985\/revisions"}],"predecessor-version":[{"id":8473,"href":"https:\/\/www.tyovaenmuseo.fi\/sv\/wp-json\/wp\/v2\/pages\/1985\/revisions\/8473"}],"wp:attachment":[{"href":"https:\/\/www.tyovaenmuseo.fi\/sv\/wp-json\/wp\/v2\/media?parent=1985"}],"curies":[{"name":"wp","href":"https:\/\/api.w.org\/{rel}","templated":true}]}}