{"id":2000,"date":"2022-01-19T09:57:49","date_gmt":"2022-01-19T07:57:49","guid":{"rendered":"http:\/\/www.xn--tyvenmuseo-s5a8s.fi\/samlingar\/donationer\/"},"modified":"2022-02-11T14:45:23","modified_gmt":"2022-02-11T12:45:23","slug":"donationer","status":"publish","type":"page","link":"https:\/\/www.tyovaenmuseo.fi\/sv\/samlingar\/donationer\/","title":{"rendered":"Donationer"},"content":{"rendered":"<p>[et_pb_section fb_built=&#8221;1&#8243; fullwidth=&#8221;on&#8221; _builder_version=&#8221;4.13.1&#8243; _module_preset=&#8221;default&#8221; global_colors_info=&#8221;{}&#8221;][et_pb_fullwidth_header title=&#8221;@ET-DC@eyJkeW5hbWljIjp0cnVlLCJjb250ZW50IjoicG9zdF90aXRsZSIsInNldHRpbmdzIjp7ImJlZm9yZSI6IiIsImFmdGVyIjoiIn19@&#8221; text_orientation=&#8221;center&#8221; _builder_version=&#8221;4.14.1&#8243; _dynamic_attributes=&#8221;title&#8221; _module_preset=&#8221;default&#8221; title_font=&#8221;Interstate Bold|||on|||||&#8221; title_text_align=&#8221;center&#8221; title_font_size=&#8221;35px&#8221; title_letter_spacing=&#8221;1px&#8221; title_line_height=&#8221;1.3em&#8221; background_color=&#8221;rgba(10,10,10,0.64)&#8221; background_image=&#8221;http:\/\/www.tyovaenmuseo.fi\/wp-content\/uploads\/2021\/12\/werstas_kokoelmat_tietoa_kokoelmista_header.jpg&#8221; background_blend=&#8221;overlay&#8221; min_height=&#8221;450px&#8221; min_height_tablet=&#8221;450px&#8221; min_height_phone=&#8221;300px&#8221; min_height_last_edited=&#8221;on|phone&#8221; custom_padding=&#8221;200px||||false|false&#8221; custom_padding_tablet=&#8221;200px||||false|false&#8221; custom_padding_phone=&#8221;140px||||false|false&#8221; custom_padding_last_edited=&#8221;on|phone&#8221; title_font_size_tablet=&#8221;35px&#8221; title_font_size_phone=&#8221;20px&#8221; title_font_size_last_edited=&#8221;on|phone&#8221; title_text_shadow_style=&#8221;preset3&#8243; title_text_shadow_color=&#8221;rgba(0,0,0,0.8)&#8221; global_colors_info=&#8221;{}&#8221;][\/et_pb_fullwidth_header][\/et_pb_section][et_pb_section fb_built=&#8221;1&#8243; custom_padding_last_edited=&#8221;on|phone&#8221; _builder_version=&#8221;4.14.1&#8243; _module_preset=&#8221;default&#8221; custom_padding=&#8221;76px||106px|||&#8221; custom_padding_tablet=&#8221;62px||75px|||&#8221; custom_padding_phone=&#8221;40px||||false|false&#8221; top_divider_style=&#8221;slant&#8221; top_divider_color=&#8221;#F1F1F1&#8243; top_divider_height=&#8221;47px&#8221; top_divider_height_tablet=&#8221;47px&#8221; top_divider_height_phone=&#8221;24px&#8221; top_divider_height_last_edited=&#8221;on|phone&#8221; global_colors_info=&#8221;{}&#8221;][et_pb_row _builder_version=&#8221;4.14.1&#8243; _module_preset=&#8221;default&#8221; global_colors_info=&#8221;{}&#8221;][et_pb_column type=&#8221;4_4&#8243; _builder_version=&#8221;4.14.1&#8243; _module_preset=&#8221;default&#8221; global_colors_info=&#8221;{}&#8221;][et_pb_text _builder_version=&#8221;4.14.1&#8243; _module_preset=&#8221;default&#8221; header_2_font=&#8221;Interstate||||||||&#8221; header_2_text_color=&#8221;#93122a&#8221; header_2_letter_spacing=&#8221;1px&#8221; custom_margin=&#8221;||55px|||&#8221; global_colors_info=&#8221;{}&#8221;]<\/p>\n<h2><strong>Hur g\u00f6r jag en donation?<\/strong><\/h2>\n<hr style=\"height: 4px; background-color: #4f4237; border: none; width: 45px; float: left;\">[\/et_pb_text][et_pb_text _builder_version=&#8221;4.14.1&#8243; _module_preset=&#8221;default&#8221; text_text_color=&#8221;#404040&#8243; text_font_size=&#8221;16px&#8221; max_width=&#8221;750px&#8221; global_colors_info=&#8221;{}&#8221;]<\/p>\n<p>Werstas samlar f\u00f6rem\u00e5l och fotografier som f\u00f6rknippas med arbetsliv och socialhistoria. Efter \u00f6verv\u00e4gande kan \u00e4ven b\u00f6cker, tidningar och andra trycksaker, arkivmaterial samt ljud- och bildinspelningar inkluderas i samlingarna.<\/p>\n<p>Museet \u00e4r intresserat av allt material som f\u00f6rknippas med museets \u00e4mnesomr\u00e5de. Materialet kan ocks\u00e5 vara helt nytt. Det viktigaste \u00e4r ber\u00e4ttelsen som f\u00f6rknippas med materialet och dess bakgrundsuppgifter, inte materialets \u00e5lder eller utseende. Affischer, flygblad, fotografier, kl\u00e4desplagg, demonstrationsskyltar, tidningar, skivor, vykort, handarbeten och olika f\u00f6rem\u00e5l som anv\u00e4nds i hemmet, i arbetslivet och under fritiden kan vara intressanta museif\u00f6rem\u00e5l. Ett intressant f\u00f6rem\u00e5l kan vara ett hundra \u00e5r eller en vecka gammalt. De centrala fr\u00e5gorna \u00e4r n\u00e4r, var, varf\u00f6r och vem.<\/p>\n<p>Museets samlingspersonal fattar besluten om f\u00f6reslagna donationer. Det underl\u00e4ttar arbetet om man har s\u00e5 mycket information som m\u00f6jligt och till exempel en bild av materialet man vill donera. Man kan donera \u00e4ven k\u00e4nsligt material, eftersom Werstas ser till att donatorerna vid behov f\u00f6rblir anonyma. Museet tar emot ett exemplar av varje f\u00f6rem\u00e5l \u00e5t g\u00e5ngen. Man ska allts\u00e5 inte erbjuda till exempel tv\u00e5 likadana f\u00f6rem\u00e5l till museet. Ut\u00f6ver f\u00f6rem\u00e5l och fotografier tar Werstas ocks\u00e5 emot arkivmaterial som \u00f6verf\u00f6rs till arkiven f\u00f6r medborgarorganisationer. Vi uppr\u00e4ttar ett \u00f6verl\u00e5telseavtal vid alla donationer.<\/p>\n<p>[\/et_pb_text][\/et_pb_column][\/et_pb_row][et_pb_row _builder_version=&#8221;4.14.1&#8243; _module_preset=&#8221;default&#8221; custom_margin=&#8221;36px|auto|-7px|auto||&#8221; global_colors_info=&#8221;{}&#8221;][et_pb_column type=&#8221;4_4&#8243; _builder_version=&#8221;4.14.1&#8243; _module_preset=&#8221;default&#8221; global_colors_info=&#8221;{}&#8221;][et_pb_text _builder_version=&#8221;4.14.1&#8243; _module_preset=&#8221;default&#8221; header_2_font=&#8221;Interstate||||||||&#8221; header_2_text_color=&#8221;#93122a&#8221; header_2_letter_spacing=&#8221;1px&#8221; custom_margin=&#8221;||55px|||&#8221; global_colors_info=&#8221;{}&#8221;]<\/p>\n<h2><strong>Mer information<\/strong><\/h2>\n<hr style=\"height: 4px; background-color: #4f4237; border: none; width: 45px; float: left;\">[\/et_pb_text][et_pb_text _builder_version=&#8221;4.14.1&#8243; _module_preset=&#8221;default&#8221; text_text_color=&#8221;#404040&#8243; text_font_size=&#8221;16px&#8221; max_width=&#8221;550px&#8221; global_colors_info=&#8221;{}&#8221;]<\/p>\n<p>Samlingschef <strong>Leena Ahonen<\/strong><\/p>\n<p>[\/et_pb_text][et_pb_blurb use_icon=&#8221;on&#8221; font_icon=&#8221;&#xe090;||divi||400&#8243; icon_color=&#8221;#93122a&#8221; icon_placement=&#8221;left&#8221; content_max_width=&#8221;100%&#8221; _builder_version=&#8221;4.14.6&#8243; _module_preset=&#8221;default&#8221; body_text_color=&#8221;#404040&#8243; body_font_size=&#8221;16px&#8221; body_link_text_color=&#8221;#404040&#8243; global_colors_info=&#8221;{}&#8221;]<\/p>\n<p><a href=\"tel:+358504401156%20\">+358 <\/a><a href=\"tel:+358104209225\">10 420 9225<\/a>, <a href=\"tel:+358504401156%20\">+358 <\/a><a href=\"tel:+358504401164\">50 440 1164<\/a><\/p>\n<p>[\/et_pb_blurb][et_pb_blurb use_icon=&#8221;on&#8221; font_icon=&#8221;&#xe010;||divi||400&#8243; icon_color=&#8221;#93122a&#8221; icon_placement=&#8221;left&#8221; content_max_width=&#8221;100%&#8221; _builder_version=&#8221;4.14.1&#8243; _module_preset=&#8221;default&#8221; body_text_color=&#8221;#404040&#8243; body_font_size=&#8221;16px&#8221; body_link_text_color=&#8221;#404040&#8243; custom_margin=&#8221;||101px|||&#8221; global_colors_info=&#8221;{}&#8221;]<a href=\"mailto:leena.ahonen@tyovaenmuseo.fi\">leena.ahonen@tyovaenmuseo.fi<\/a>[\/et_pb_blurb][\/et_pb_column][\/et_pb_row][\/et_pb_section]<\/p>\n","protected":false},"excerpt":{"rendered":"<p>Hur g\u00f6r jag en donation? Werstas samlar f\u00f6rem\u00e5l och fotografier som f\u00f6rknippas med arbetsliv och socialhistoria. Efter \u00f6verv\u00e4gande kan \u00e4ven b\u00f6cker, tidningar och andra trycksaker, arkivmaterial samt ljud- och bildinspelningar inkluderas i samlingarna. Museet \u00e4r intresserat av allt material som f\u00f6rknippas med museets \u00e4mnesomr\u00e5de. Materialet kan ocks\u00e5 vara helt nytt. Det viktigaste \u00e4r ber\u00e4ttelsen som [&hellip;]<\/p>\n","protected":false},"author":1,"featured_media":0,"parent":1985,"menu_order":0,"comment_status":"closed","ping_status":"closed","template":"","meta":{"_et_pb_use_builder":"on","_et_pb_old_content":"","_et_gb_content_width":"","footnotes":""},"class_list":["post-2000","page","type-page","status-publish","hentry"],"_links":{"self":[{"href":"https:\/\/www.tyovaenmuseo.fi\/sv\/wp-json\/wp\/v2\/pages\/2000","targetHints":{"allow":["GET"]}}],"collection":[{"href":"https:\/\/www.tyovaenmuseo.fi\/sv\/wp-json\/wp\/v2\/pages"}],"about":[{"href":"https:\/\/www.tyovaenmuseo.fi\/sv\/wp-json\/wp\/v2\/types\/page"}],"author":[{"embeddable":true,"href":"https:\/\/www.tyovaenmuseo.fi\/sv\/wp-json\/wp\/v2\/users\/1"}],"replies":[{"embeddable":true,"href":"https:\/\/www.tyovaenmuseo.fi\/sv\/wp-json\/wp\/v2\/comments?post=2000"}],"version-history":[{"count":8,"href":"https:\/\/www.tyovaenmuseo.fi\/sv\/wp-json\/wp\/v2\/pages\/2000\/revisions"}],"predecessor-version":[{"id":2642,"href":"https:\/\/www.tyovaenmuseo.fi\/sv\/wp-json\/wp\/v2\/pages\/2000\/revisions\/2642"}],"up":[{"embeddable":true,"href":"https:\/\/www.tyovaenmuseo.fi\/sv\/wp-json\/wp\/v2\/pages\/1985"}],"wp:attachment":[{"href":"https:\/\/www.tyovaenmuseo.fi\/sv\/wp-json\/wp\/v2\/media?parent=2000"}],"curies":[{"name":"wp","href":"https:\/\/api.w.org\/{rel}","templated":true}]}}