{"id":2012,"date":"2022-01-19T12:14:49","date_gmt":"2022-01-19T10:14:49","guid":{"rendered":"http:\/\/www.xn--tyvenmuseo-s5a8s.fi\/om-museet\/"},"modified":"2025-12-08T13:36:51","modified_gmt":"2025-12-08T11:36:51","slug":"om-museet","status":"publish","type":"page","link":"https:\/\/www.tyovaenmuseo.fi\/sv\/museum\/om-museet\/","title":{"rendered":"Om museet"},"content":{"rendered":"<p>[et_pb_section fb_built=&#8221;1&#8243; fullwidth=&#8221;on&#8221; _builder_version=&#8221;4.13.1&#8243; _module_preset=&#8221;default&#8221; global_colors_info=&#8221;{}&#8221;][et_pb_fullwidth_header title=&#8221;@ET-DC@eyJkeW5hbWljIjp0cnVlLCJjb250ZW50IjoicG9zdF9saW5rIiwic2V0dGluZ3MiOnsiYmVmb3JlIjoiIiwiYWZ0ZXIiOiIiLCJ0ZXh0IjoicG9zdF90aXRsZSIsImN1c3RvbV90ZXh0IjoiIn19@&#8221; text_orientation=&#8221;center&#8221; _builder_version=&#8221;4.14.1&#8243; _dynamic_attributes=&#8221;title&#8221; _module_preset=&#8221;default&#8221; title_font=&#8221;Interstate Bold|||on|||||&#8221; title_font_size=&#8221;35px&#8221; title_letter_spacing=&#8221;1px&#8221; background_color=&#8221;rgba(10,10,10,0.5)&#8221; background_image=&#8221;https:\/\/www.tyovaenmuseo.fi\/wp-content\/uploads\/2021\/12\/werstas_ulkokuva_tietoa_header.jpg&#8221; background_blend=&#8221;overlay&#8221; min_height=&#8221;450px&#8221; min_height_tablet=&#8221;450px&#8221; min_height_phone=&#8221;300px&#8221; min_height_last_edited=&#8221;on|phone&#8221; custom_padding=&#8221;200px||||false|false&#8221; custom_padding_tablet=&#8221;200px||||false|false&#8221; custom_padding_phone=&#8221;140px||||false|false&#8221; custom_padding_last_edited=&#8221;on|phone&#8221; title_font_size_tablet=&#8221;35px&#8221; title_font_size_phone=&#8221;25px&#8221; title_font_size_last_edited=&#8221;on|phone&#8221; title_text_shadow_style=&#8221;preset3&#8243; title_text_shadow_blur_strength=&#8221;0.36em&#8221; title_text_shadow_color=&#8221;rgba(0,0,0,0.8)&#8221; global_colors_info=&#8221;{}&#8221;][\/et_pb_fullwidth_header][\/et_pb_section][et_pb_section fb_built=&#8221;1&#8243; next_background_color=&#8221;#ffffff&#8221; _builder_version=&#8221;4.14.1&#8243; _module_preset=&#8221;default&#8221; background_color=&#8221;#f1f1f1&#8243; custom_padding=&#8221;||88px|||&#8221; top_divider_style=&#8221;slant&#8221; top_divider_color=&#8221;#93122a&#8221; top_divider_height=&#8221;47px&#8221; top_divider_height_tablet=&#8221;47px&#8221; top_divider_height_phone=&#8221;22px&#8221; top_divider_height_last_edited=&#8221;on|phone&#8221; bottom_divider_style=&#8221;mountains2&#8243; bottom_divider_height=&#8221;71px&#8221; bottom_divider_flip=&#8221;vertical&#8221; global_colors_info=&#8221;{}&#8221;][et_pb_row _builder_version=&#8221;4.14.1&#8243; _module_preset=&#8221;default&#8221; custom_margin=&#8221;50px|auto||auto||&#8221; custom_margin_tablet=&#8221;50px|auto||auto||&#8221; custom_margin_phone=&#8221;20px||||false|false&#8221; custom_margin_last_edited=&#8221;on|phone&#8221; global_colors_info=&#8221;{}&#8221;][et_pb_column type=&#8221;4_4&#8243; _builder_version=&#8221;4.14.1&#8243; _module_preset=&#8221;default&#8221; global_colors_info=&#8221;{}&#8221;][et_pb_text _builder_version=&#8221;4.14.1&#8243; _module_preset=&#8221;default&#8221; text_text_color=&#8221;#4f4237&#8243; text_font_size=&#8221;18px&#8221; text_line_height=&#8221;1.5em&#8221; max_width=&#8221;750px&#8221; text_font_size_tablet=&#8221;18px&#8221; text_font_size_phone=&#8221;16px&#8221; text_font_size_last_edited=&#8221;on|phone&#8221; text_orientation_tablet=&#8221;&#8221; text_orientation_phone=&#8221;center&#8221; text_orientation_last_edited=&#8221;on|phone&#8221; global_colors_info=&#8221;{}&#8221;]<strong>Arbetarmuseet Werstas specialiserar sig nationellt p\u00e5 det finl\u00e4ndska arbetslivet och socialhistoria. Museet \u00e4r bel\u00e4get p\u00e5 Finlaysons historiska fabriksomr\u00e5de i Tammerfors. Werstas har alltid fritt intr\u00e4de!<\/strong>[\/et_pb_text][\/et_pb_column][\/et_pb_row][\/et_pb_section][et_pb_section fb_built=&#8221;1&#8243; _builder_version=&#8221;4.14.1&#8243; _module_preset=&#8221;default&#8221; background_image=&#8221;https:\/\/www.tyovaenmuseo.fi\/wp-content\/uploads\/2022\/01\/werstas_siluetti_piippu_2021_popupmedia_small_3.svg&#8221; background_size=&#8221;initial&#8221; background_position=&#8221;bottom_left&#8221; custom_padding=&#8221;||75px|||&#8221; global_colors_info=&#8221;{}&#8221;][et_pb_row column_structure=&#8221;1_2,1_2&#8243; _builder_version=&#8221;4.14.1&#8243; _module_preset=&#8221;default&#8221; global_colors_info=&#8221;{}&#8221;][et_pb_column type=&#8221;1_2&#8243; _builder_version=&#8221;4.14.1&#8243; _module_preset=&#8221;default&#8221; global_colors_info=&#8221;{}&#8221;][et_pb_text _builder_version=&#8221;4.14.7&#8243; _module_preset=&#8221;default&#8221; text_text_color=&#8221;#404040&#8243; hover_enabled=&#8221;0&#8243; global_colors_info=&#8221;{}&#8221; sticky_enabled=&#8221;0&#8243;]<\/p>\n<p>Undervisnings- och kulturministeriet har utn\u00e4mnt arbetarmuseet Werstas till det nationella ansvarsmuseet f\u00f6r arbetsliv och socialhistoria.<\/p>\n<p>Det fria intr\u00e4det ger alla lika m\u00f6jlighet att bekanta sig med utst\u00e4llningarna och tillbringa tid p\u00e5 museet. <br \/>Museet har \u00e5rligen \u00f6ver 50 000 bes\u00f6kare.<\/p>\n<p>Werstas driver \u00e4ven tv\u00e5 mindre museer, D\u00f6vas museum och Nootti. Utst\u00e4llningslokalen f\u00f6r D\u00f6vas museum som blev en del av Werstas \u00e5r 2012 finns i Helsingfors. Samlingarna f\u00f6rvaras i Tammerfors. Leninmuseet i Tammerfors blev en del av Werstas \u00e5r 2014. Museet st\u00e4ngdes \u00e5r 2024 och Nootti, museet om Finlands relationen till Ryssland, \u00f6ppnades i samma st\u00e4llet i februari 2025.<\/p>\n<p>[\/et_pb_text][\/et_pb_column][et_pb_column type=&#8221;1_2&#8243; _builder_version=&#8221;4.14.1&#8243; _module_preset=&#8221;default&#8221; global_colors_info=&#8221;{}&#8221;][et_pb_image src=&#8221;https:\/\/www.tyovaenmuseo.fi\/wp-content\/uploads\/2021\/12\/werstas_yhteys_museon_sisaankaynti-1.jpg&#8221; title_text=&#8221;werstas_yhteys_museon_sisaankaynti-(1)&#8221; _builder_version=&#8221;4.14.1&#8243; _module_preset=&#8221;default&#8221; box_shadow_style=&#8221;preset4&#8243; box_shadow_color=&#8221;#93122a&#8221; global_colors_info=&#8221;{}&#8221;][\/et_pb_image][\/et_pb_column][\/et_pb_row][\/et_pb_section][et_pb_section fb_built=&#8221;1&#8243; _builder_version=&#8221;4.14.1&#8243; _module_preset=&#8221;default&#8221; background_color=&#8221;#f1f1f1&#8243; custom_padding=&#8221;||75px|||&#8221; global_colors_info=&#8221;{}&#8221;][et_pb_row _builder_version=&#8221;4.14.1&#8243; _module_preset=&#8221;default&#8221; global_colors_info=&#8221;{}&#8221;][et_pb_column type=&#8221;4_4&#8243; _builder_version=&#8221;4.14.1&#8243; _module_preset=&#8221;default&#8221; global_colors_info=&#8221;{}&#8221;][et_pb_text _builder_version=&#8221;4.14.1&#8243; _module_preset=&#8221;default&#8221; header_2_font=&#8221;Interstate||||||||&#8221; header_2_text_color=&#8221;#93122a&#8221; header_2_letter_spacing=&#8221;1px&#8221; custom_margin=&#8221;||55px|||&#8221; global_colors_info=&#8221;{}&#8221;]<\/p>\n<h2><strong>Arbetarnas museif\u00f6rening<\/strong><strong><\/strong><\/h2>\n<hr style=\"height: 4px; background-color: #4f4237; border: none; width: 45px; float: left;\">[\/et_pb_text][et_pb_text _builder_version=&#8221;4.14.6&#8243; _module_preset=&#8221;default&#8221; text_text_color=&#8221;#404040&#8243; link_text_color=&#8221;#93122A&#8221; max_width=&#8221;750px&#8221; global_colors_info=&#8221;{}&#8221;]<\/p>\n<p><strong>Museet uppr\u00e4tth\u00e5lls av Arbetarnas museif\u00f6rening rf som omfattar 29 medlemssamfund.<\/strong><\/p>\n<p>Syftet med f\u00f6reningen \u00e4r att v\u00e4rna om arbetarbefolkningens traditioner, bevara materiellt kulturarv, fr\u00e4mja forskning inom arbetsliv och socialhistoria samt v\u00e4cka intresse f\u00f6r den industrialiserade tidens och det civila samh\u00e4llets historia. Arbetarnas museif\u00f6rening \u00e4r politiskt obunden.<strong><\/strong><\/p>\n<p>Werstas verksamhet underst\u00f6ds \u00e5rligen av undervisnings- och kulturministeriet och Tammerfors stad. Finlands D\u00f6vas F\u00f6rbund och L\u00f6ntagarstiftelsen st\u00f6djer Werstas i bevarandet av sitt eget kulturarv.<\/p>\n<p>[\/et_pb_text][\/et_pb_column][\/et_pb_row][\/et_pb_section][et_pb_section fb_built=&#8221;1&#8243; _builder_version=&#8221;4.14.1&#8243; _module_preset=&#8221;default&#8221; background_image=&#8221;https:\/\/www.tyovaenmuseo.fi\/wp-content\/uploads\/2022\/01\/werstas_siluetti_juna_2021_popupmedia_small_1.svg&#8221; background_size=&#8221;initial&#8221; background_position=&#8221;bottom_right&#8221; custom_padding=&#8221;75px|||||&#8221; global_colors_info=&#8221;{}&#8221;][et_pb_row _builder_version=&#8221;4.14.1&#8243; _module_preset=&#8221;default&#8221; global_colors_info=&#8221;{}&#8221;][et_pb_column type=&#8221;4_4&#8243; _builder_version=&#8221;4.14.1&#8243; _module_preset=&#8221;default&#8221; global_colors_info=&#8221;{}&#8221;][et_pb_text _builder_version=&#8221;4.14.1&#8243; _module_preset=&#8221;default&#8221; header_2_font=&#8221;Interstate||||||||&#8221; header_2_text_color=&#8221;#93122a&#8221; header_2_letter_spacing=&#8221;1px&#8221; custom_margin=&#8221;||55px|||&#8221; global_colors_info=&#8221;{}&#8221;]<\/p>\n<h2><strong>Arbetarmuseet Werstas historia<\/strong><\/h2>\n<hr style=\"height: 4px; background-color: #4f4237; border: none; width: 45px; float: left;\">[\/et_pb_text][et_pb_text _builder_version=&#8221;4.14.7&#8243; _module_preset=&#8221;default&#8221; text_text_color=&#8221;#404040&#8243; max_width=&#8221;750px&#8221; hover_enabled=&#8221;0&#8243; global_colors_info=&#8221;{}&#8221; sticky_enabled=&#8221;0&#8243;]<\/p>\n<p><strong>Arbetarmuseet Werstas grundades \u00e5r 1993. Museet ber\u00e4ttar om vanliga m\u00e4nniskors liv, arbetarbefolkningens kultur och marginalernas historia.<\/strong><\/p>\n<p>Werstas \u00f6ppnade sina d\u00f6rrar f\u00f6r allm\u00e4nheten p\u00e5 Finlaysons gamla fabriksomr\u00e5de i november 1993. Verksamheten inleddes i en mindre skala. \u00c5r 2001 flyttade museet till sina nuvarande lokaler vid V\u00e4in\u00f6 Linnas plats i Tammerfors. Museet har utvecklats till ett intressant och framg\u00e5ngsrikt museicenter. Werstas slutade med intr\u00e4desavgifter \u00e5r 2011. D\u00f6vas museum blev en del av arbetarmuseet Werstas \u00e5r 2012 och Leninmuseet \u00e5r 2014. Nootti, museet om Finlands relationer till Ryssland, ersatt Leninmuseet i 2025.<\/p>\n<p>Werstas grundades med syftet att bevara arbetarbefolkningens historia. Museet ber\u00e4ttar brett om det kulturarv som f\u00f6rknippas med arbetarbefolkningen, s\u00e5som arbetets och arbetarbefolkningens historia, arbetsl\u00f6shet, arbetsmilj\u00f6erna, arbetarbefolkningens bostadsomr\u00e5den samt arbetarklassens gemensamma upplevelser och de arbetarkulturer som utvecklas ur dem.<\/p>\n<p>I sina utst\u00e4llningar behandlar Werstas ocks\u00e5 minoriteternas kulturarv samt andra sv\u00e5ra och k\u00e4nsliga \u00e4mnen. Vi har haft Finlands f\u00f6rsta utst\u00e4llning om sexuella minoriteternas och k\u00f6nsminoriteternas historia, om feminism i Finland samt om milj\u00f6r\u00f6relsen och funktionsneds\u00e4ttningarnas historia i Finland.<\/p>\n<p>[\/et_pb_text][\/et_pb_column][\/et_pb_row][\/et_pb_section][et_pb_section fb_built=&#8221;1&#8243; _builder_version=&#8221;4.14.1&#8243; _module_preset=&#8221;default&#8221; background_color=&#8221;#f1f1f1&#8243; custom_padding=&#8221;75px||75px|||&#8221; global_colors_info=&#8221;{}&#8221;][et_pb_row _builder_version=&#8221;4.14.1&#8243; _module_preset=&#8221;default&#8221; global_colors_info=&#8221;{}&#8221;][et_pb_column type=&#8221;4_4&#8243; _builder_version=&#8221;4.14.1&#8243; _module_preset=&#8221;default&#8221; global_colors_info=&#8221;{}&#8221;][et_pb_text _builder_version=&#8221;4.14.1&#8243; _module_preset=&#8221;default&#8221; header_2_font=&#8221;Interstate||||||||&#8221; header_2_text_color=&#8221;#93122a&#8221; header_2_letter_spacing=&#8221;1px&#8221; custom_margin=&#8221;||55px|||&#8221; global_colors_info=&#8221;{}&#8221;]<\/p>\n<h2><strong>S\u00e5 h\u00e4r kan du st\u00f6dja Werstas<\/strong><\/h2>\n<hr style=\"height: 4px; background-color: #4f4237; border: none; width: 45px; float: left;\">[\/et_pb_text][et_pb_text _builder_version=&#8221;4.14.6&#8243; _module_preset=&#8221;default&#8221; text_text_color=&#8221;#404040&#8243; link_text_color=&#8221;#93122a&#8221; max_width=&#8221;750px&#8221; global_colors_info=&#8221;{}&#8221;]<\/p>\n<p><strong>Du kan st\u00f6dja Werstas verksamhet p\u00e5 flera olika s\u00e4tt: donera till museets samlingar, delta i frivilligarbete eller anordna ett evenemang p\u00e5 Werstas. <\/strong><\/p>\n<p>Werstas vill erbjuda en h\u00f6gklassig museiupplevelse f\u00f6r alla oberoende av social st\u00e4llning och f\u00f6rm\u00f6genhet. D\u00e4rf\u00f6r har Werstas alltid fritt intr\u00e4de!<\/p>\n<p>Vi vill ocks\u00e5 ge m\u00e4nniskor en m\u00f6jlighet till inflytande och delaktighet. Som frivillig kan du delta i arbetet med museets samlingar, genomf\u00f6randet av utst\u00e4llningar och anordnandet av evenemang.<\/p>\n<p><span style=\"font-weight: 400;\">Frivilliggruppen \u201dMuseosakki\u201d best\u00e5r av aktiva frivilliga som tycker om museer och historia. Gruppen har ett tjugotal medlemmar som har tid under dagtid.<\/span><\/p>\n<p>Man kan st\u00f6dja museets verksamhet ocks\u00e5 genom att g\u00e5 med i museets v\u00e4nskapsf\u00f6rening, anordna evenemang p\u00e5 Werstas eller genom att betala en frivillig intr\u00e4desavgift. Det finns insamlingsb\u00f6ssor vid museets kundtj\u00e4nstdisk och i utst\u00e4llningsv\u00e5ningens entr\u00e9.<\/p>\n<p>[\/et_pb_text][\/et_pb_column][\/et_pb_row][\/et_pb_section][et_pb_section fb_built=&#8221;1&#8243; _builder_version=&#8221;4.14.1&#8243; _module_preset=&#8221;default&#8221; custom_padding=&#8221;||18px|||&#8221; global_colors_info=&#8221;{}&#8221;][\/et_pb_section]<\/p>\n","protected":false},"excerpt":{"rendered":"<p>Arbetarmuseet Werstas specialiserar sig nationellt p\u00e5 det finl\u00e4ndska arbetslivet och socialhistoria. Museet \u00e4r bel\u00e4get p\u00e5 Finlaysons historiska fabriksomr\u00e5de i Tammerfors. Werstas har alltid fritt intr\u00e4de!Undervisnings- och kulturministeriet har utn\u00e4mnt arbetarmuseet Werstas till det nationella ansvarsmuseet f\u00f6r arbetsliv och socialhistoria. Det fria intr\u00e4det ger alla lika m\u00f6jlighet att bekanta sig med utst\u00e4llningarna och tillbringa tid p\u00e5 [&hellip;]<\/p>\n","protected":false},"author":1,"featured_media":0,"parent":2106,"menu_order":0,"comment_status":"closed","ping_status":"closed","template":"","meta":{"_et_pb_use_builder":"on","_et_pb_old_content":"","_et_gb_content_width":"","footnotes":""},"class_list":["post-2012","page","type-page","status-publish","hentry"],"_links":{"self":[{"href":"https:\/\/www.tyovaenmuseo.fi\/sv\/wp-json\/wp\/v2\/pages\/2012","targetHints":{"allow":["GET"]}}],"collection":[{"href":"https:\/\/www.tyovaenmuseo.fi\/sv\/wp-json\/wp\/v2\/pages"}],"about":[{"href":"https:\/\/www.tyovaenmuseo.fi\/sv\/wp-json\/wp\/v2\/types\/page"}],"author":[{"embeddable":true,"href":"https:\/\/www.tyovaenmuseo.fi\/sv\/wp-json\/wp\/v2\/users\/1"}],"replies":[{"embeddable":true,"href":"https:\/\/www.tyovaenmuseo.fi\/sv\/wp-json\/wp\/v2\/comments?post=2012"}],"version-history":[{"count":20,"href":"https:\/\/www.tyovaenmuseo.fi\/sv\/wp-json\/wp\/v2\/pages\/2012\/revisions"}],"predecessor-version":[{"id":8472,"href":"https:\/\/www.tyovaenmuseo.fi\/sv\/wp-json\/wp\/v2\/pages\/2012\/revisions\/8472"}],"up":[{"embeddable":true,"href":"https:\/\/www.tyovaenmuseo.fi\/sv\/wp-json\/wp\/v2\/pages\/2106"}],"wp:attachment":[{"href":"https:\/\/www.tyovaenmuseo.fi\/sv\/wp-json\/wp\/v2\/media?parent=2012"}],"curies":[{"name":"wp","href":"https:\/\/api.w.org\/{rel}","templated":true}]}}