{"id":2027,"date":"2022-01-19T12:41:39","date_gmt":"2022-01-19T10:41:39","guid":{"rendered":"http:\/\/www.xn--tyvenmuseo-s5a8s.fi\/angmaskinsmuseet\/"},"modified":"2022-01-20T14:57:13","modified_gmt":"2022-01-20T12:57:13","slug":"angmaskinsmuseet","status":"publish","type":"page","link":"https:\/\/www.tyovaenmuseo.fi\/sv\/utstallningar\/angmaskinsmuseet\/","title":{"rendered":"\u00c5ngmaskinsmuseet"},"content":{"rendered":"<p>[et_pb_section fb_built=&#8221;1&#8243; fullwidth=&#8221;on&#8221; _builder_version=&#8221;4.13.1&#8243; _module_preset=&#8221;default&#8221; global_colors_info=&#8221;{}&#8221;][et_pb_fullwidth_header title=&#8221;@ET-DC@eyJkeW5hbWljIjp0cnVlLCJjb250ZW50IjoicG9zdF9saW5rIiwic2V0dGluZ3MiOnsiYmVmb3JlIjoiIiwiYWZ0ZXIiOiIiLCJ0ZXh0IjoicG9zdF90aXRsZSIsImN1c3RvbV90ZXh0IjoiIn19@&#8221; text_orientation=&#8221;center&#8221; _builder_version=&#8221;4.14.1&#8243; _dynamic_attributes=&#8221;title&#8221; _module_preset=&#8221;default&#8221; title_font=&#8221;Interstate Bold|||on|||||&#8221; title_font_size=&#8221;35px&#8221; title_letter_spacing=&#8221;1px&#8221; background_color=&#8221;rgba(10,10,10,0.52)&#8221; background_image=&#8221;http:\/\/www.tyovaenmuseo.fi\/wp-content\/uploads\/2021\/12\/werstas_museo_header.jpg&#8221; background_blend=&#8221;overlay&#8221; min_height=&#8221;450px&#8221; min_height_tablet=&#8221;450px&#8221; min_height_phone=&#8221;300px&#8221; min_height_last_edited=&#8221;on|phone&#8221; custom_padding=&#8221;200px||||false|false&#8221; custom_padding_tablet=&#8221;200px||||false|false&#8221; custom_padding_phone=&#8221;140px||||false|false&#8221; custom_padding_last_edited=&#8221;on|phone&#8221; title_font_size_tablet=&#8221;35px&#8221; title_font_size_phone=&#8221;20px&#8221; title_font_size_last_edited=&#8221;on|phone&#8221; title_text_shadow_style=&#8221;preset3&#8243; title_text_shadow_blur_strength=&#8221;0.36em&#8221; title_text_shadow_color=&#8221;rgba(0,0,0,0.8)&#8221; global_colors_info=&#8221;{}&#8221;][\/et_pb_fullwidth_header][\/et_pb_section][et_pb_section fb_built=&#8221;1&#8243; _builder_version=&#8221;4.14.1&#8243; _module_preset=&#8221;default&#8221; custom_padding=&#8221;90px||120px|||&#8221; top_divider_style=&#8221;slant&#8221; top_divider_color=&#8221;#F1F1F1&#8243; top_divider_height=&#8221;49px&#8221; top_divider_height_tablet=&#8221;49px&#8221; top_divider_height_phone=&#8221;29px&#8221; top_divider_height_last_edited=&#8221;on|phone&#8221; global_colors_info=&#8221;{}&#8221;][et_pb_row column_structure=&#8221;1_2,1_2&#8243; _builder_version=&#8221;4.14.1&#8243; _module_preset=&#8221;default&#8221; global_colors_info=&#8221;{}&#8221;][et_pb_column type=&#8221;1_2&#8243; _builder_version=&#8221;4.14.1&#8243; _module_preset=&#8221;default&#8221; global_colors_info=&#8221;{}&#8221;][et_pb_text _builder_version=&#8221;4.14.1&#8243; _module_preset=&#8221;default&#8221; header_2_font=&#8221;Interstate||||||||&#8221; header_2_text_color=&#8221;#93122a&#8221; header_2_font_size=&#8221;22px&#8221; header_2_letter_spacing=&#8221;1px&#8221; header_2_line_height=&#8221;1.2em&#8221; custom_margin=&#8221;||55px|||&#8221; locked=&#8221;off&#8221; global_colors_info=&#8221;{}&#8221;]<\/p>\n<h2><strong>Finlands st\u00f6rsta \u00e5ngmaskin p\u00e5 sin ursprungliga plats.<\/strong><\/h2>\n<hr style=\"height: 4px; background-color: #4f4237; border: none; width: 45px; float: left;\">[\/et_pb_text][et_pb_text _builder_version=&#8221;4.14.6&#8243; _module_preset=&#8221;default&#8221; text_text_color=&#8221;#404040&#8243; text_font_size=&#8221;16px&#8221; link_text_color=&#8221;#93122A&#8221; max_width=&#8221;550px&#8221; global_colors_info=&#8221;{}&#8221;]<\/p>\n<p>Finlands st\u00f6rsta \u00e5ngmaskin p\u00e5 sin ursprungliga plats. Maskinen anv\u00e4ndes som kraftk\u00e4lla p\u00e5 Finlaysons fabrik i b\u00f6rjan av 1900-talet. Maskinen hade en effekt p\u00e5 1 650 h\u00e4stkrafter. Diametern p\u00e5 sv\u00e4nghjulet i mitten av maskinen \u00e4r hela 8 meter!<br \/>\u00c5ngmaskinens cylindrar ben\u00e4mndes Helene och Marie efter \u00e4garnas fruar.<\/p>\n<p>[\/et_pb_text][\/et_pb_column][et_pb_column type=&#8221;1_2&#8243; _builder_version=&#8221;4.14.1&#8243; _module_preset=&#8221;default&#8221; global_colors_info=&#8221;{}&#8221;][et_pb_image src=&#8221;http:\/\/www.tyovaenmuseo.fi\/wp-content\/uploads\/2021\/11\/werstas_nayttelyt_Hoyrykonemuseo_kuvaaja_Mikko_Vares-1.jpg&#8221; title_text=&#8221;werstas_nayttelyt_Hoyrykonemuseo_kuvaaja_Mikko_Vares-(1)&#8221; _builder_version=&#8221;4.14.1&#8243; _module_preset=&#8221;default&#8221; width_tablet=&#8221;&#8221; width_phone=&#8221;&#8221; width_last_edited=&#8221;on|phone&#8221; custom_margin=&#8221;||74px|45px||&#8221; custom_margin_tablet=&#8221;30px|||0px|false|false&#8221; custom_margin_phone=&#8221;|||0px|false|false&#8221; custom_margin_last_edited=&#8221;on|phone&#8221; global_colors_info=&#8221;{}&#8221;][\/et_pb_image][et_pb_image src=&#8221;http:\/\/www.tyovaenmuseo.fi\/wp-content\/uploads\/2021\/12\/werstas_ryhmille_opastus_hoyrykonemuseo.jpg&#8221; title_text=&#8221;werstas_ryhmille_opastus_hoyrykonemuseo&#8221; _builder_version=&#8221;4.14.1&#8243; _module_preset=&#8221;default&#8221; custom_margin=&#8221;|||45px|false|false&#8221; custom_margin_tablet=&#8221;|||0px|false|false&#8221; custom_margin_phone=&#8221;|||0px|false|false&#8221; custom_margin_last_edited=&#8221;on|phone&#8221; global_colors_info=&#8221;{}&#8221;][\/et_pb_image][\/et_pb_column][\/et_pb_row][\/et_pb_section]<\/p>\n","protected":false},"excerpt":{"rendered":"<p>Finlands st\u00f6rsta \u00e5ngmaskin p\u00e5 sin ursprungliga plats. Finlands st\u00f6rsta \u00e5ngmaskin p\u00e5 sin ursprungliga plats. Maskinen anv\u00e4ndes som kraftk\u00e4lla p\u00e5 Finlaysons fabrik i b\u00f6rjan av 1900-talet. Maskinen hade en effekt p\u00e5 1 650 h\u00e4stkrafter. Diametern p\u00e5 sv\u00e4nghjulet i mitten av maskinen \u00e4r hela 8 meter!\u00c5ngmaskinens cylindrar ben\u00e4mndes Helene och Marie efter \u00e4garnas fruar.<\/p>\n","protected":false},"author":1,"featured_media":0,"parent":2110,"menu_order":0,"comment_status":"closed","ping_status":"closed","template":"","meta":{"_et_pb_use_builder":"on","_et_pb_old_content":"","_et_gb_content_width":"","footnotes":""},"class_list":["post-2027","page","type-page","status-publish","hentry"],"_links":{"self":[{"href":"https:\/\/www.tyovaenmuseo.fi\/sv\/wp-json\/wp\/v2\/pages\/2027","targetHints":{"allow":["GET"]}}],"collection":[{"href":"https:\/\/www.tyovaenmuseo.fi\/sv\/wp-json\/wp\/v2\/pages"}],"about":[{"href":"https:\/\/www.tyovaenmuseo.fi\/sv\/wp-json\/wp\/v2\/types\/page"}],"author":[{"embeddable":true,"href":"https:\/\/www.tyovaenmuseo.fi\/sv\/wp-json\/wp\/v2\/users\/1"}],"replies":[{"embeddable":true,"href":"https:\/\/www.tyovaenmuseo.fi\/sv\/wp-json\/wp\/v2\/comments?post=2027"}],"version-history":[{"count":4,"href":"https:\/\/www.tyovaenmuseo.fi\/sv\/wp-json\/wp\/v2\/pages\/2027\/revisions"}],"predecessor-version":[{"id":2225,"href":"https:\/\/www.tyovaenmuseo.fi\/sv\/wp-json\/wp\/v2\/pages\/2027\/revisions\/2225"}],"up":[{"embeddable":true,"href":"https:\/\/www.tyovaenmuseo.fi\/sv\/wp-json\/wp\/v2\/pages\/2110"}],"wp:attachment":[{"href":"https:\/\/www.tyovaenmuseo.fi\/sv\/wp-json\/wp\/v2\/media?parent=2027"}],"curies":[{"name":"wp","href":"https:\/\/api.w.org\/{rel}","templated":true}]}}