{"id":2033,"date":"2022-01-19T13:12:33","date_gmt":"2022-01-19T11:12:33","guid":{"rendered":"http:\/\/www.xn--tyvenmuseo-s5a8s.fi\/soker-du-jobb-24-9-2021-3-4-2022\/"},"modified":"2022-01-20T14:47:16","modified_gmt":"2022-01-20T12:47:16","slug":"soker-du-jobb-24-9-2021-3-4-2022","status":"publish","type":"page","link":"https:\/\/www.tyovaenmuseo.fi\/sv\/utstallningar\/just-nu\/soker-du-jobb-24-9-2021-3-4-2022\/","title":{"rendered":"S\u00d6KER DU JOBB? 24.9.2021-3.4.2022"},"content":{"rendered":"<p>[et_pb_section fb_built=&#8221;1&#8243; fullwidth=&#8221;on&#8221; _builder_version=&#8221;4.13.1&#8243; _module_preset=&#8221;default&#8221; global_colors_info=&#8221;{}&#8221;][et_pb_fullwidth_header title=&#8221;@ET-DC@eyJkeW5hbWljIjp0cnVlLCJjb250ZW50IjoicG9zdF9saW5rIiwic2V0dGluZ3MiOnsiYmVmb3JlIjoiIiwiYWZ0ZXIiOiIiLCJ0ZXh0IjoicG9zdF90aXRsZSIsImN1c3RvbV90ZXh0IjoiIn19@&#8221; text_orientation=&#8221;center&#8221; _builder_version=&#8221;4.14.1&#8243; _dynamic_attributes=&#8221;title&#8221; _module_preset=&#8221;default&#8221; title_font=&#8221;Interstate Bold|||on|||||&#8221; title_font_size=&#8221;35px&#8221; title_letter_spacing=&#8221;1px&#8221; title_line_height=&#8221;1.2em&#8221; background_color=&#8221;rgba(10,10,10,0.64)&#8221; background_image=&#8221;http:\/\/www.tyovaenmuseo.fi\/wp-content\/uploads\/2021\/12\/etsitko_toita_header_werstas_nayttelyt.jpg&#8221; background_blend=&#8221;overlay&#8221; min_height=&#8221;450px&#8221; min_height_tablet=&#8221;450px&#8221; min_height_phone=&#8221;300px&#8221; min_height_last_edited=&#8221;on|phone&#8221; custom_padding=&#8221;200px||||false|false&#8221; custom_padding_tablet=&#8221;200px||||false|false&#8221; custom_padding_phone=&#8221;140px||||false|false&#8221; custom_padding_last_edited=&#8221;on|phone&#8221; title_font_size_tablet=&#8221;35px&#8221; title_font_size_phone=&#8221;21px&#8221; title_font_size_last_edited=&#8221;on|phone&#8221; title_text_shadow_style=&#8221;preset3&#8243; title_text_shadow_blur_strength=&#8221;0.36em&#8221; title_text_shadow_color=&#8221;rgba(0,0,0,0.8)&#8221; global_colors_info=&#8221;{}&#8221;][\/et_pb_fullwidth_header][\/et_pb_section][et_pb_section fb_built=&#8221;1&#8243; next_background_color=&#8221;#ffffff&#8221; _builder_version=&#8221;4.14.1&#8243; _module_preset=&#8221;default&#8221; background_color=&#8221;#f1f1f1&#8243; custom_padding=&#8221;||83px|||&#8221; top_divider_style=&#8221;slant&#8221; top_divider_color=&#8221;#93122a&#8221; top_divider_height=&#8221;47px&#8221; top_divider_height_tablet=&#8221;47px&#8221; top_divider_height_phone=&#8221;22px&#8221; top_divider_height_last_edited=&#8221;on|phone&#8221; bottom_divider_style=&#8221;mountains2&#8243; bottom_divider_height=&#8221;81px&#8221; bottom_divider_flip=&#8221;vertical&#8221; global_colors_info=&#8221;{}&#8221;][et_pb_row _builder_version=&#8221;4.14.1&#8243; _module_preset=&#8221;default&#8221; custom_margin=&#8221;50px|auto||auto||&#8221; custom_margin_tablet=&#8221;50px|auto||auto||&#8221; custom_margin_phone=&#8221;20px||||false|false&#8221; custom_margin_last_edited=&#8221;on|phone&#8221; global_colors_info=&#8221;{}&#8221;][et_pb_column type=&#8221;4_4&#8243; _builder_version=&#8221;4.14.1&#8243; _module_preset=&#8221;default&#8221; global_colors_info=&#8221;{}&#8221;][et_pb_text _builder_version=&#8221;4.14.1&#8243; _module_preset=&#8221;default&#8221; text_text_color=&#8221;#4f4237&#8243; text_font_size=&#8221;18px&#8221; text_line_height=&#8221;1.5em&#8221; max_width=&#8221;750px&#8221; text_font_size_tablet=&#8221;18px&#8221; text_font_size_phone=&#8221;16px&#8221; text_font_size_last_edited=&#8221;on|phone&#8221; text_orientation_tablet=&#8221;&#8221; text_orientation_phone=&#8221;center&#8221; text_orientation_last_edited=&#8221;on|phone&#8221; global_colors_info=&#8221;{}&#8221;]<\/p>\n<p><strong>Om du kunde arbeta med vad som helst, hurdant jobb skulle du v\u00e4lja? <\/strong><\/p>\n<p><strong>Hurdant arbete \u00e4r meningsfullt i milj\u00f6krisernas tid?<\/strong><\/p>\n<p>[\/et_pb_text][\/et_pb_column][\/et_pb_row][\/et_pb_section][et_pb_section fb_built=&#8221;1&#8243; _builder_version=&#8221;4.14.1&#8243; _module_preset=&#8221;default&#8221; custom_padding=&#8221;50px||101px|||&#8221; global_colors_info=&#8221;{}&#8221;][et_pb_row _builder_version=&#8221;4.14.1&#8243; _module_preset=&#8221;default&#8221; global_colors_info=&#8221;{}&#8221;][et_pb_column type=&#8221;4_4&#8243; _builder_version=&#8221;4.14.1&#8243; _module_preset=&#8221;default&#8221; global_colors_info=&#8221;{}&#8221;][et_pb_text quote_border_color=&#8221;#93122A&#8221; _builder_version=&#8221;4.14.6&#8243; _module_preset=&#8221;default&#8221; text_text_color=&#8221;#404040&#8243; text_font_size=&#8221;16px&#8221; quote_text_color=&#8221;#404040&#8243; max_width=&#8221;750px&#8221; hover_enabled=&#8221;0&#8243; global_colors_info=&#8221;{}&#8221; sticky_enabled=&#8221;0&#8243;]<\/p>\n<p>S\u00f6ker du jobb? Det samtida konstverket S\u00f6ker du jobb? letade efter arbetss\u00f6kande som skulle f\u00e5 arbeta med precis det som de sj\u00e4lva vill. F\u00f6rslag p\u00e5 jobb kunde l\u00e4mnas in med en webblankett under v\u00e5ren 2020. Det kom in 2 574 ans\u00f6kningar, varav \u00e5tta valdes till konstverket. Arbetet genomf\u00f6rdes mellan h\u00f6sten 2020 och sommaren 2021 och dokumenterades i form av filmer och texter.<\/p>\n<p>Det samtida konstverket S\u00f6ker du jobb? Utst\u00e4llningen S\u00f6ker du jobb? presenterar de utf\u00f6rda arbetena med videor, ljud och text samt visar vidden av de arbeten som f\u00f6reslagits i form av en bok som sammanfattar ans\u00f6kningsmaterialet.<\/p>\n<p>En del av utst\u00e4llningen best\u00e5r av en experimentell TE-byr\u00e5 som \u00f6ppnar upp f\u00f6r en ny definition av begreppet arbete och bjuder in m\u00e4nniskorna att t\u00e4nka p\u00e5 arbete och arbetslivet p\u00e5 ett nytt s\u00e4tt.<\/p>\n<p>[\/et_pb_text][\/et_pb_column][\/et_pb_row][et_pb_row column_structure=&#8221;1_3,1_3,1_3&#8243; _builder_version=&#8221;4.14.1&#8243; _module_preset=&#8221;default&#8221; custom_margin=&#8221;82px|auto||auto||&#8221; global_colors_info=&#8221;{}&#8221;][et_pb_column type=&#8221;1_3&#8243; _builder_version=&#8221;4.14.1&#8243; _module_preset=&#8221;default&#8221; global_colors_info=&#8221;{}&#8221;][et_pb_image src=&#8221;http:\/\/www.tyovaenmuseo.fi\/wp-content\/uploads\/2021\/12\/Werstas_nayttelyt_etsitko_toita_logot_circus_maximus.jpg&#8221; title_text=&#8221;Werstas_nayttelyt_etsitko_toita_logot_circus_maximus&#8221; _builder_version=&#8221;4.14.1&#8243; _module_preset=&#8221;default&#8221; max_width=&#8221;250px&#8221; global_colors_info=&#8221;{}&#8221;][\/et_pb_image][\/et_pb_column][et_pb_column type=&#8221;1_3&#8243; _builder_version=&#8221;4.14.1&#8243; _module_preset=&#8221;default&#8221; global_colors_info=&#8221;{}&#8221;][et_pb_image src=&#8221;http:\/\/www.tyovaenmuseo.fi\/wp-content\/uploads\/2021\/12\/Werstas_nayttelyt_etsitko_toita_logot_esitystaiteenseura.jpg&#8221; title_text=&#8221;Werstas_nayttelyt_etsitko_toita_logot_esitystaiteenseura&#8221; align=&#8221;center&#8221; _builder_version=&#8221;4.14.1&#8243; _module_preset=&#8221;default&#8221; width=&#8221;200px&#8221; global_colors_info=&#8221;{}&#8221;][\/et_pb_image][\/et_pb_column][et_pb_column type=&#8221;1_3&#8243; _builder_version=&#8221;4.14.1&#8243; _module_preset=&#8221;default&#8221; global_colors_info=&#8221;{}&#8221;][et_pb_image src=&#8221;http:\/\/www.tyovaenmuseo.fi\/wp-content\/uploads\/2021\/12\/Werstas_nayttelyt_etsitko_toita_logot_taike.jpg&#8221; title_text=&#8221;Werstas_nayttelyt_etsitko_toita_logot_taike&#8221; _builder_version=&#8221;4.14.1&#8243; _module_preset=&#8221;default&#8221; custom_margin=&#8221;79px|||||&#8221; global_colors_info=&#8221;{}&#8221;][\/et_pb_image][\/et_pb_column][\/et_pb_row][et_pb_row column_structure=&#8221;1_3,1_3,1_3&#8243; _builder_version=&#8221;4.14.1&#8243; _module_preset=&#8221;default&#8221; custom_padding=&#8221;66px|||||&#8221; global_colors_info=&#8221;{}&#8221;][et_pb_column type=&#8221;1_3&#8243; _builder_version=&#8221;4.14.1&#8243; _module_preset=&#8221;default&#8221; global_colors_info=&#8221;{}&#8221;][et_pb_image src=&#8221;http:\/\/www.tyovaenmuseo.fi\/wp-content\/uploads\/2021\/12\/Werstas_nayttelyt_etsitko_toita_logot_Kordelin.jpg&#8221; title_text=&#8221;Werstas_nayttelyt_etsitko_toita_logot_Kordelin&#8221; _builder_version=&#8221;4.14.1&#8243; _module_preset=&#8221;default&#8221; max_width=&#8221;300px&#8221; global_colors_info=&#8221;{}&#8221;][\/et_pb_image][\/et_pb_column][et_pb_column type=&#8221;1_3&#8243; _builder_version=&#8221;4.14.1&#8243; _module_preset=&#8221;default&#8221; global_colors_info=&#8221;{}&#8221;][et_pb_image src=&#8221;http:\/\/www.tyovaenmuseo.fi\/wp-content\/uploads\/2021\/12\/Pinkki-logo-jpg.jpg&#8221; title_text=&#8221;Pinkki-logo-jpg&#8221; align=&#8221;center&#8221; _builder_version=&#8221;4.14.1&#8243; _module_preset=&#8221;default&#8221; max_width=&#8221;300px&#8221; global_colors_info=&#8221;{}&#8221;][\/et_pb_image][\/et_pb_column][et_pb_column type=&#8221;1_3&#8243; _builder_version=&#8221;4.14.1&#8243; _module_preset=&#8221;default&#8221; global_colors_info=&#8221;{}&#8221;][\/et_pb_column][\/et_pb_row][\/et_pb_section]<\/p>\n","protected":false},"excerpt":{"rendered":"<p>Om du kunde arbeta med vad som helst, hurdant jobb skulle du v\u00e4lja? Hurdant arbete \u00e4r meningsfullt i milj\u00f6krisernas tid?S\u00f6ker du jobb? Det samtida konstverket S\u00f6ker du jobb? letade efter arbetss\u00f6kande som skulle f\u00e5 arbeta med precis det som de sj\u00e4lva vill. F\u00f6rslag p\u00e5 jobb kunde l\u00e4mnas in med en webblankett under v\u00e5ren 2020. Det [&hellip;]<\/p>\n","protected":false},"author":1,"featured_media":0,"parent":2346,"menu_order":0,"comment_status":"closed","ping_status":"closed","template":"","meta":{"_et_pb_use_builder":"on","_et_pb_old_content":"","_et_gb_content_width":"","footnotes":""},"class_list":["post-2033","page","type-page","status-publish","hentry"],"_links":{"self":[{"href":"https:\/\/www.tyovaenmuseo.fi\/sv\/wp-json\/wp\/v2\/pages\/2033","targetHints":{"allow":["GET"]}}],"collection":[{"href":"https:\/\/www.tyovaenmuseo.fi\/sv\/wp-json\/wp\/v2\/pages"}],"about":[{"href":"https:\/\/www.tyovaenmuseo.fi\/sv\/wp-json\/wp\/v2\/types\/page"}],"author":[{"embeddable":true,"href":"https:\/\/www.tyovaenmuseo.fi\/sv\/wp-json\/wp\/v2\/users\/1"}],"replies":[{"embeddable":true,"href":"https:\/\/www.tyovaenmuseo.fi\/sv\/wp-json\/wp\/v2\/comments?post=2033"}],"version-history":[{"count":3,"href":"https:\/\/www.tyovaenmuseo.fi\/sv\/wp-json\/wp\/v2\/pages\/2033\/revisions"}],"predecessor-version":[{"id":2218,"href":"https:\/\/www.tyovaenmuseo.fi\/sv\/wp-json\/wp\/v2\/pages\/2033\/revisions\/2218"}],"up":[{"embeddable":true,"href":"https:\/\/www.tyovaenmuseo.fi\/sv\/wp-json\/wp\/v2\/pages\/2346"}],"wp:attachment":[{"href":"https:\/\/www.tyovaenmuseo.fi\/sv\/wp-json\/wp\/v2\/media?parent=2033"}],"curies":[{"name":"wp","href":"https:\/\/api.w.org\/{rel}","templated":true}]}}