{"id":2039,"date":"2022-01-19T13:34:22","date_gmt":"2022-01-19T11:34:22","guid":{"rendered":"http:\/\/www.xn--tyvenmuseo-s5a8s.fi\/guidningar\/"},"modified":"2023-09-05T13:09:12","modified_gmt":"2023-09-05T10:09:12","slug":"guidningar","status":"publish","type":"page","link":"https:\/\/www.tyovaenmuseo.fi\/sv\/for-grupper\/guidningar\/","title":{"rendered":"Guidningar"},"content":{"rendered":"<p>[et_pb_section fb_built=&#8221;1&#8243; fullwidth=&#8221;on&#8221; _builder_version=&#8221;4.13.1&#8243; _module_preset=&#8221;default&#8221; global_colors_info=&#8221;{}&#8221;][et_pb_fullwidth_header title=&#8221;@ET-DC@eyJkeW5hbWljIjp0cnVlLCJjb250ZW50IjoicG9zdF9saW5rIiwic2V0dGluZ3MiOnsiYmVmb3JlIjoiIiwiYWZ0ZXIiOiIiLCJ0ZXh0IjoicG9zdF90aXRsZSIsImN1c3RvbV90ZXh0IjoiIn19@&#8221; text_orientation=&#8221;center&#8221; _builder_version=&#8221;4.14.1&#8243; _dynamic_attributes=&#8221;title&#8221; _module_preset=&#8221;default&#8221; title_font=&#8221;Interstate Bold|||on|||||&#8221; title_font_size=&#8221;35px&#8221; title_letter_spacing=&#8221;1px&#8221; background_color=&#8221;rgba(10,10,10,0.64)&#8221; background_image=&#8221;https:\/\/www.tyovaenmuseo.fi\/wp-content\/uploads\/2021\/12\/werstas_ryhmille_opastettukierros_header.jpg&#8221; background_blend=&#8221;overlay&#8221; min_height=&#8221;450px&#8221; min_height_tablet=&#8221;450px&#8221; min_height_phone=&#8221;300px&#8221; min_height_last_edited=&#8221;on|phone&#8221; custom_padding=&#8221;200px||||false|false&#8221; custom_padding_tablet=&#8221;200px||||false|false&#8221; custom_padding_phone=&#8221;140px||||false|false&#8221; custom_padding_last_edited=&#8221;on|phone&#8221; title_font_size_tablet=&#8221;35px&#8221; title_font_size_phone=&#8221;25px&#8221; title_font_size_last_edited=&#8221;on|phone&#8221; title_text_shadow_style=&#8221;preset3&#8243; title_text_shadow_blur_strength=&#8221;0.36em&#8221; title_text_shadow_color=&#8221;rgba(0,0,0,0.8)&#8221; global_colors_info=&#8221;{}&#8221;][\/et_pb_fullwidth_header][\/et_pb_section][et_pb_section fb_built=&#8221;1&#8243; next_background_color=&#8221;#ffffff&#8221; _builder_version=&#8221;4.14.1&#8243; _module_preset=&#8221;default&#8221; background_color=&#8221;#f1f1f1&#8243; custom_padding=&#8221;||94px|||&#8221; top_divider_style=&#8221;slant&#8221; top_divider_color=&#8221;#93122a&#8221; top_divider_height=&#8221;47px&#8221; top_divider_height_tablet=&#8221;47px&#8221; top_divider_height_phone=&#8221;22px&#8221; top_divider_height_last_edited=&#8221;on|phone&#8221; bottom_divider_style=&#8221;mountains2&#8243; bottom_divider_height=&#8221;81px&#8221; bottom_divider_flip=&#8221;vertical&#8221; global_colors_info=&#8221;{}&#8221;][et_pb_row _builder_version=&#8221;4.14.1&#8243; _module_preset=&#8221;default&#8221; custom_margin=&#8221;50px|auto||auto||&#8221; custom_margin_tablet=&#8221;50px|auto||auto||&#8221; custom_margin_phone=&#8221;20px||||false|false&#8221; custom_margin_last_edited=&#8221;on|phone&#8221; global_colors_info=&#8221;{}&#8221;][et_pb_column type=&#8221;4_4&#8243; _builder_version=&#8221;4.14.1&#8243; _module_preset=&#8221;default&#8221; global_colors_info=&#8221;{}&#8221;][et_pb_text _builder_version=&#8221;4.14.1&#8243; _module_preset=&#8221;default&#8221; text_text_color=&#8221;#4f4237&#8243; text_font_size=&#8221;18px&#8221; text_line_height=&#8221;1.5em&#8221; max_width=&#8221;750px&#8221; text_font_size_tablet=&#8221;18px&#8221; text_font_size_phone=&#8221;16px&#8221; text_font_size_last_edited=&#8221;on|phone&#8221; text_orientation_tablet=&#8221;&#8221; text_orientation_phone=&#8221;center&#8221; text_orientation_last_edited=&#8221;on|phone&#8221; global_colors_info=&#8221;{}&#8221;]<\/p>\n<p><strong>Vi erbjuder guidningar f\u00f6r grupper genom v\u00e5ra utst\u00e4llningar samt guidade turer i Finlaysonomr\u00e5det och i Tammerkoskis industrimilj\u00f6 Bekanta dig med v\u00e5ra guidningar och boka en guidad tur f\u00f6r din grupp.<\/strong><\/p>\n<p>[\/et_pb_text][\/et_pb_column][\/et_pb_row][\/et_pb_section][et_pb_section fb_built=&#8221;1&#8243; custom_padding_last_edited=&#8221;on|phone&#8221; _builder_version=&#8221;4.14.1&#8243; _module_preset=&#8221;default&#8221; custom_margin=&#8221;-4px|||||&#8221; custom_padding=&#8221;59px||26px|||&#8221; custom_padding_tablet=&#8221;62px||75px|||&#8221; custom_padding_phone=&#8221;40px||||false|false&#8221; global_colors_info=&#8221;{}&#8221;][et_pb_row column_structure=&#8221;1_2,1_2&#8243; _builder_version=&#8221;4.14.1&#8243; _module_preset=&#8221;default&#8221; custom_margin=&#8221;|auto|63px|auto||&#8221; global_colors_info=&#8221;{}&#8221;][et_pb_column type=&#8221;1_2&#8243; _builder_version=&#8221;4.14.1&#8243; _module_preset=&#8221;default&#8221; global_colors_info=&#8221;{}&#8221;][et_pb_text _builder_version=&#8221;4.14.1&#8243; _module_preset=&#8221;default&#8221; header_2_font=&#8221;Interstate||||||||&#8221; header_2_text_color=&#8221;#93122a&#8221; header_2_letter_spacing=&#8221;1px&#8221; custom_margin=&#8221;||55px|||&#8221; global_colors_info=&#8221;{}&#8221;]<\/p>\n<h2><strong>Guidningar<\/strong><\/h2>\n<hr style=\"height: 4px; background-color: #4f4237; border: none; width: 45px; float: left;\">[\/et_pb_text][et_pb_text _builder_version=&#8221;4.14.7&#8243; _module_preset=&#8221;default&#8221; text_text_color=&#8221;#404040&#8243; max_width=&#8221;550px&#8221; hover_enabled=&#8221;0&#8243; global_colors_info=&#8221;{}&#8221; sticky_enabled=&#8221;0&#8243;]<\/p>\n<p><strong>Guidningsspr\u00e5k:<\/strong><br \/>finska<br \/>engelska<\/p>\n<p><strong>Guidningspriser:<\/strong><\/p>\n<p>Under museets \u00f6ppeth\u00e5llningstider tis.\u2013s\u00f6n. kl. 11\u201318<br \/>1 timmes guidning 85 e<br \/>1,5 timmes guidning 110 e<br \/>2 timmars guidning 130 e<\/p>\n<p>Utanf\u00f6r \u00f6ppeth\u00e5llningstiderna<br \/>1 timmes guidning 170 e<br \/>1,5 timmes guidning 220 e<br \/>2 timmars guidning 260 e<\/p>\n<p><strong>Museet har fritt intr\u00e4de.<\/strong><\/p>\n<p>[\/et_pb_text][\/et_pb_column][et_pb_column type=&#8221;1_2&#8243; _builder_version=&#8221;4.14.1&#8243; _module_preset=&#8221;default&#8221; global_colors_info=&#8221;{}&#8221;][et_pb_image src=&#8221;https:\/\/www.tyovaenmuseo.fi\/wp-content\/uploads\/2021\/12\/werstas_ryhmille_opastus_nayttelyissa-1.jpg&#8221; title_text=&#8221;werstas_ryhmille_opastus_nayttelyissa&#8221; _builder_version=&#8221;4.14.1&#8243; _module_preset=&#8221;default&#8221; custom_margin_tablet=&#8221;30px||||false|false&#8221; custom_margin_phone=&#8221;30px||||false|false&#8221; custom_margin_last_edited=&#8221;on|tablet&#8221; custom_padding=&#8221;||||false|false&#8221; box_shadow_style=&#8221;preset4&#8243; box_shadow_color=&#8221;#93122a&#8221; global_colors_info=&#8221;{}&#8221;][\/et_pb_image][\/et_pb_column][\/et_pb_row][\/et_pb_section][et_pb_section fb_built=&#8221;1&#8243; _builder_version=&#8221;4.14.1&#8243; _module_preset=&#8221;default&#8221; background_color=&#8221;#f1f1f1&#8243; global_colors_info=&#8221;{}&#8221;][et_pb_row column_structure=&#8221;3_5,2_5&#8243; _builder_version=&#8221;4.14.1&#8243; _module_preset=&#8221;default&#8221; global_colors_info=&#8221;{}&#8221;][et_pb_column type=&#8221;3_5&#8243; _builder_version=&#8221;4.14.1&#8243; _module_preset=&#8221;default&#8221; global_colors_info=&#8221;{}&#8221;][et_pb_text _builder_version=&#8221;4.14.6&#8243; _module_preset=&#8221;default&#8221; text_text_color=&#8221;#404040&#8243; header_2_font=&#8221;Interstate||||||||&#8221; header_2_text_color=&#8221;#93122a&#8221; header_2_font_size=&#8221;22px&#8221; header_2_letter_spacing=&#8221;1px&#8221; max_width=&#8221;600px&#8221; custom_margin=&#8221;||||false|false&#8221; global_colors_info=&#8221;{}&#8221;]<\/p>\n<h2><strong>Guidning i Industrimuseet<\/strong><\/h2>\n<p><strong><\/strong><\/p>\n<p><span style=\"font-weight: 400;\">Hur blev Tammerfors \u201dFinlands Manchester\u201d, centret f\u00f6r industrin i Finland? Hur \u00e4ndrade industrialiseringen m\u00e4nniskornas vardag och liv? Industrimuseet ber\u00e4ttar hela den 200-\u00e5riga historien av industrin i Tammerfors. Under guidningen bekantar vi oss med fabrikerna, arbetet, produkterna och m\u00e4nniskorna som arbetade inom industrin. Under guidningen bes\u00f6ker vi ocks\u00e5 \u00c5ngmaskinsmuseet och tittar p\u00e5 Finlands st\u00f6rsta \u00e5ngmaskin som anv\u00e4ndes p\u00e5 Finlaysons fabrik p\u00e5 sin ursprungliga plats.<\/span><\/p>\n<p><strong>Tid:<\/strong> 1 timme.<\/p>\n<p><strong>Pris:<\/strong> 85 euro\/grupp, h\u00f6gst 25 personer\/grupp.<\/p>\n<p>[\/et_pb_text][\/et_pb_column][et_pb_column type=&#8221;2_5&#8243; _builder_version=&#8221;4.14.1&#8243; _module_preset=&#8221;default&#8221; global_colors_info=&#8221;{}&#8221;][et_pb_image src=&#8221;https:\/\/www.tyovaenmuseo.fi\/wp-content\/uploads\/2021\/11\/Werstas_nayttelyt_Teollisuusmuseo_tunnuskuva.jpg&#8221; title_text=&#8221;Werstas_nayttelyt_Teollisuusmuseo_tunnuskuva&#8221; _builder_version=&#8221;4.14.1&#8243; _module_preset=&#8221;default&#8221; box_shadow_style=&#8221;preset4&#8243; box_shadow_color=&#8221;#93122A&#8221; global_colors_info=&#8221;{}&#8221;][\/et_pb_image][\/et_pb_column][\/et_pb_row][\/et_pb_section][et_pb_section fb_built=&#8221;1&#8243; _builder_version=&#8221;4.14.1&#8243; _module_preset=&#8221;default&#8221; global_colors_info=&#8221;{}&#8221;][et_pb_row column_structure=&#8221;3_5,2_5&#8243; _builder_version=&#8221;4.14.1&#8243; _module_preset=&#8221;default&#8221; global_colors_info=&#8221;{}&#8221;][et_pb_column type=&#8221;3_5&#8243; _builder_version=&#8221;4.14.1&#8243; _module_preset=&#8221;default&#8221; global_colors_info=&#8221;{}&#8221;][et_pb_text _builder_version=&#8221;4.14.6&#8243; _module_preset=&#8221;default&#8221; text_text_color=&#8221;#404040&#8243; header_2_font=&#8221;Interstate||||||||&#8221; header_2_text_color=&#8221;#93122a&#8221; header_2_font_size=&#8221;22px&#8221; header_2_letter_spacing=&#8221;1px&#8221; max_width=&#8221;600px&#8221; custom_margin=&#8221;||||false|false&#8221; global_colors_info=&#8221;{}&#8221;]<\/p>\n<h2><strong>Guidning i \u00c5ngmaskinsmuseet<\/strong><\/h2>\n<p><strong><\/strong><\/p>\n<p>Under guidningen i \u00c5ngmaskinsmuseet f\u00e5r vi h\u00f6ra om funktionsprinciperna f\u00f6r kraftk\u00e4llan p\u00e5 Finlaysons fabrik, den \u00f6ver 120 \u00e5r gamla Sulzer-\u00e5ngmaskinen och f\u00f6rundras \u00f6ver dess avancerade teknik och st\u00e5tlighet.<\/p>\n<p>\u00c5ngmaskinen \u00e4r den st\u00f6rsta fabriks\u00e5ngmaskinen som anv\u00e4nts i Finland. Diametern p\u00e5 sv\u00e4nghjulet i maskinens mitt \u00e4r \u00f6ver 8 meter. Denna j\u00e4tte till maskin p\u00e5 sin ursprungliga plats \u00e4r v\u00e4l v\u00e4rd ett bes\u00f6k.<\/p>\n<p><strong>Tid: <\/strong>30 minuter.<br \/><strong>Pris:<\/strong> 85 euro\/grupp, h\u00f6gst 25 personer\/grupp.<\/p>\n<p>[\/et_pb_text][\/et_pb_column][et_pb_column type=&#8221;2_5&#8243; _builder_version=&#8221;4.14.1&#8243; _module_preset=&#8221;default&#8221; global_colors_info=&#8221;{}&#8221;][et_pb_image src=&#8221;https:\/\/www.tyovaenmuseo.fi\/wp-content\/uploads\/2021\/12\/werstas_ryhmille_opastus_hoyrykonemuseo.jpg&#8221; title_text=&#8221;werstas_ryhmille_opastus_hoyrykonemuseo&#8221; _builder_version=&#8221;4.14.1&#8243; _module_preset=&#8221;default&#8221; box_shadow_style=&#8221;preset4&#8243; box_shadow_color=&#8221;#93122A&#8221; global_colors_info=&#8221;{}&#8221;][\/et_pb_image][\/et_pb_column][\/et_pb_row][\/et_pb_section][et_pb_section fb_built=&#8221;1&#8243; _builder_version=&#8221;4.14.1&#8243; _module_preset=&#8221;default&#8221; background_color=&#8221;#f1f1f1&#8243; global_colors_info=&#8221;{}&#8221;][et_pb_row column_structure=&#8221;3_5,2_5&#8243; _builder_version=&#8221;4.14.1&#8243; _module_preset=&#8221;default&#8221; global_colors_info=&#8221;{}&#8221;][et_pb_column type=&#8221;3_5&#8243; _builder_version=&#8221;4.14.1&#8243; _module_preset=&#8221;default&#8221; global_colors_info=&#8221;{}&#8221;][et_pb_text _builder_version=&#8221;4.14.7&#8243; _module_preset=&#8221;default&#8221; text_text_color=&#8221;#404040&#8243; header_2_font=&#8221;Interstate||||||||&#8221; header_2_text_color=&#8221;#93122a&#8221; header_2_font_size=&#8221;22px&#8221; header_2_letter_spacing=&#8221;1px&#8221; max_width=&#8221;600px&#8221; custom_margin=&#8221;||80px|||&#8221; hover_enabled=&#8221;0&#8243; global_colors_info=&#8221;{}&#8221; sticky_enabled=&#8221;0&#8243;]<\/p>\n<h2><strong>Guidning i Finlayson fabriksomr\u00e5de<br \/><\/strong><\/h2>\n<p><strong><\/strong><\/p>\n<p>En m\u00e5ngsidig guidning i Finlaysons bomullsfabriks historia. En guidad tur p\u00e5 Finlaysons fabriksomr\u00e5de och ett bes\u00f6k p\u00e5 \u00c5ngmaskinsmuseet.<\/p>\n<p><strong>Tid:<\/strong> 1,5 timme.<br \/><strong>Pris: <\/strong>110 euro\/grupp, h\u00f6gst 25 personer\/grupp.<\/p>\n<p>[\/et_pb_text][\/et_pb_column][et_pb_column type=&#8221;2_5&#8243; _builder_version=&#8221;4.14.1&#8243; _module_preset=&#8221;default&#8221; global_colors_info=&#8221;{}&#8221;][et_pb_image src=&#8221;https:\/\/www.tyovaenmuseo.fi\/wp-content\/uploads\/2021\/12\/werstas_ryhmille_opastus_pumpuliplikkain_jaljilla.jpg&#8221; title_text=&#8221;werstas_ryhmille_opastus_pumpuliplikkain_jaljilla&#8221; _builder_version=&#8221;4.14.1&#8243; _module_preset=&#8221;default&#8221; box_shadow_style=&#8221;preset4&#8243; box_shadow_color=&#8221;#93122A&#8221; global_colors_info=&#8221;{}&#8221;][\/et_pb_image][\/et_pb_column][\/et_pb_row][\/et_pb_section][et_pb_section fb_built=&#8221;1&#8243; _builder_version=&#8221;4.14.1&#8243; _module_preset=&#8221;default&#8221; global_colors_info=&#8221;{}&#8221;][et_pb_row column_structure=&#8221;3_5,2_5&#8243; _builder_version=&#8221;4.14.1&#8243; _module_preset=&#8221;default&#8221; global_colors_info=&#8221;{}&#8221;][et_pb_column type=&#8221;3_5&#8243; _builder_version=&#8221;4.14.1&#8243; _module_preset=&#8221;default&#8221; global_colors_info=&#8221;{}&#8221;][et_pb_text _builder_version=&#8221;4.14.6&#8243; _module_preset=&#8221;default&#8221; text_text_color=&#8221;#404040&#8243; header_2_font=&#8221;Interstate||||||||&#8221; header_2_text_color=&#8221;#93122a&#8221; header_2_font_size=&#8221;22px&#8221; header_2_letter_spacing=&#8221;1px&#8221; max_width=&#8221;600px&#8221; custom_margin=&#8221;||80px|||&#8221; global_colors_info=&#8221;{}&#8221;]<\/p>\n<h2><strong>\u201dFabriksflickan Alma\/Spinneripojken Aatu\u201d<\/strong><\/h2>\n<p><strong><\/strong><\/p>\n<p>Bomullsfabriksarbetaren Alma eller Aatu ber\u00e4ttar om arbetet p\u00e5 fabriken och livet i \u00f6vrigt i b\u00f6rjan av 1900-talet.<\/p>\n<p><strong>Tid:<\/strong> 15 minuter.<br \/><strong>Pris<\/strong>: 95 euro.<\/p>\n<p>[\/et_pb_text][\/et_pb_column][et_pb_column type=&#8221;2_5&#8243; _builder_version=&#8221;4.14.1&#8243; _module_preset=&#8221;default&#8221; global_colors_info=&#8221;{}&#8221;][et_pb_image src=&#8221;https:\/\/www.tyovaenmuseo.fi\/wp-content\/uploads\/2021\/12\/werstas_ryhmille_opastukset_draamaopastus_alma_aatu.jpg&#8221; title_text=&#8221;werstas_ryhmille_opastukset_draamaopastus_alma_aatu&#8221; _builder_version=&#8221;4.14.1&#8243; _module_preset=&#8221;default&#8221; box_shadow_style=&#8221;preset4&#8243; box_shadow_color=&#8221;#93122A&#8221; global_colors_info=&#8221;{}&#8221;][\/et_pb_image][\/et_pb_column][\/et_pb_row][\/et_pb_section][et_pb_section fb_built=&#8221;1&#8243; _builder_version=&#8221;4.14.1&#8243; _module_preset=&#8221;default&#8221; background_color=&#8221;#f1f1f1&#8243; global_colors_info=&#8221;{}&#8221;][et_pb_row column_structure=&#8221;3_5,2_5&#8243; _builder_version=&#8221;4.14.1&#8243; _module_preset=&#8221;default&#8221; global_colors_info=&#8221;{}&#8221;][et_pb_column type=&#8221;3_5&#8243; _builder_version=&#8221;4.14.1&#8243; _module_preset=&#8221;default&#8221; global_colors_info=&#8221;{}&#8221;][et_pb_text _builder_version=&#8221;4.14.6&#8243; _module_preset=&#8221;default&#8221; text_text_color=&#8221;#404040&#8243; header_2_font=&#8221;Interstate||||||||&#8221; header_2_text_color=&#8221;#93122a&#8221; header_2_font_size=&#8221;22px&#8221; header_2_letter_spacing=&#8221;1px&#8221; max_width=&#8221;600px&#8221; custom_margin=&#8221;||9px|||&#8221; global_colors_info=&#8221;{}&#8221;]<\/p>\n<h2><strong>Guidning: industriella Tammerfors<\/strong><\/h2>\n<p><strong><\/strong><\/p>\n<p>En guidad tur om uppkomsten och utvecklingen av Tammerkoski, fabrikerna och arbetarstaden.<br \/>Vi vandrar igenom de gamla fabriksomr\u00e5dena vid Tammerkoskis \u00f6vre lopp.<br \/>Turen b\u00f6rjar och slutar p\u00e5 arbetarmuseet Werstas.<\/p>\n<p><strong>Tid:<\/strong> 1,5 timme.<br \/><strong>Pris:<\/strong> 110 euro\/grupp h\u00f6gst 25 personer\/grupp.<\/p>\n<p>[\/et_pb_text][\/et_pb_column][et_pb_column type=&#8221;2_5&#8243; _builder_version=&#8221;4.14.1&#8243; _module_preset=&#8221;default&#8221; global_colors_info=&#8221;{}&#8221;][et_pb_image src=&#8221;https:\/\/www.tyovaenmuseo.fi\/wp-content\/uploads\/2021\/12\/werstas_ryhmille_opastus_teollinen_tampere.jpg&#8221; title_text=&#8221;werstas_ryhmille_opastus_teollinen_tampere&#8221; _builder_version=&#8221;4.14.1&#8243; _module_preset=&#8221;default&#8221; box_shadow_style=&#8221;preset4&#8243; box_shadow_color=&#8221;#93122A&#8221; global_colors_info=&#8221;{}&#8221;][\/et_pb_image][\/et_pb_column][\/et_pb_row][\/et_pb_section][et_pb_section fb_built=&#8221;1&#8243; _builder_version=&#8221;4.14.1&#8243; _module_preset=&#8221;default&#8221; custom_padding=&#8221;64px|||||&#8221; global_colors_info=&#8221;{}&#8221;][et_pb_row _builder_version=&#8221;4.14.1&#8243; _module_preset=&#8221;default&#8221; custom_margin=&#8221;26px|auto||auto||&#8221; global_colors_info=&#8221;{}&#8221;][et_pb_column type=&#8221;4_4&#8243; _builder_version=&#8221;4.14.1&#8243; _module_preset=&#8221;default&#8221; global_colors_info=&#8221;{}&#8221;][et_pb_text _builder_version=&#8221;4.14.1&#8243; _module_preset=&#8221;default&#8221; header_2_font=&#8221;Interstate||||||||&#8221; header_2_text_color=&#8221;#93122a&#8221; header_2_letter_spacing=&#8221;1px&#8221; custom_margin=&#8221;||55px|||&#8221; global_colors_info=&#8221;{}&#8221;]<\/p>\n<h2><strong>Mer information och bokningar:<\/strong><\/h2>\n<hr style=\"height: 4px; background-color: #4f4237; border: none; width: 45px; float: left;\">[\/et_pb_text][et_pb_text _builder_version=&#8221;4.14.7&#8243; _module_preset=&#8221;default&#8221; text_text_color=&#8221;#404040&#8243; max_width=&#8221;550px&#8221; global_colors_info=&#8221;{}&#8221;]<\/p>\n<p>Kundtj\u00e4nstansvarig <strong>Nina Karlsson<br \/><\/strong><\/p>\n<p>[\/et_pb_text][et_pb_blurb use_icon=&#8221;on&#8221; font_icon=&#8221;&#xe090;||divi||400&#8243; icon_color=&#8221;#93122a&#8221; icon_placement=&#8221;left&#8221; content_max_width=&#8221;100%&#8221; _builder_version=&#8221;4.14.6&#8243; _module_preset=&#8221;default&#8221; body_text_color=&#8221;#404040&#8243; body_link_text_color=&#8221;#404040&#8243; global_colors_info=&#8221;{}&#8221;]<\/p>\n<p><a href=\"tel:+358504401156%20\">+358 <\/a><a href=\"tel:+358104209221\">10 420 9221<\/a><\/p>\n<p>[\/et_pb_blurb][et_pb_blurb use_icon=&#8221;on&#8221; font_icon=&#8221;&#xe010;||divi||400&#8243; icon_color=&#8221;#93122a&#8221; icon_placement=&#8221;left&#8221; content_max_width=&#8221;100%&#8221; _builder_version=&#8221;4.14.7&#8243; _module_preset=&#8221;default&#8221; body_text_color=&#8221;#404040&#8243; body_link_text_color=&#8221;#404040&#8243; custom_margin=&#8221;||45px|||&#8221; global_colors_info=&#8221;{}&#8221;]<\/p>\n<p><a href=\"mailto:kamilla.kajander@tyovaenmuseo.fi\">nina.karlsson@tyovaenmuseo.fi<\/a><\/p>\n<p>[\/et_pb_blurb][\/et_pb_column][\/et_pb_row][\/et_pb_section]<\/p>\n","protected":false},"excerpt":{"rendered":"<p>Vi erbjuder guidningar f\u00f6r grupper genom v\u00e5ra utst\u00e4llningar samt guidade turer i Finlaysonomr\u00e5det och i Tammerkoskis industrimilj\u00f6 Bekanta dig med v\u00e5ra guidningar och boka en guidad tur f\u00f6r din grupp.Guidningar Guidningsspr\u00e5k:finskaengelska Guidningspriser: Under museets \u00f6ppeth\u00e5llningstider tis.\u2013s\u00f6n. kl. 11\u2013181 timmes guidning 85 e1,5 timmes guidning 110 e2 timmars guidning 130 e Utanf\u00f6r \u00f6ppeth\u00e5llningstiderna1 timmes guidning 170 [&hellip;]<\/p>\n","protected":false},"author":1,"featured_media":0,"parent":2113,"menu_order":0,"comment_status":"closed","ping_status":"closed","template":"","meta":{"_et_pb_use_builder":"on","_et_pb_old_content":"","_et_gb_content_width":"","footnotes":""},"class_list":["post-2039","page","type-page","status-publish","hentry"],"_links":{"self":[{"href":"https:\/\/www.tyovaenmuseo.fi\/sv\/wp-json\/wp\/v2\/pages\/2039","targetHints":{"allow":["GET"]}}],"collection":[{"href":"https:\/\/www.tyovaenmuseo.fi\/sv\/wp-json\/wp\/v2\/pages"}],"about":[{"href":"https:\/\/www.tyovaenmuseo.fi\/sv\/wp-json\/wp\/v2\/types\/page"}],"author":[{"embeddable":true,"href":"https:\/\/www.tyovaenmuseo.fi\/sv\/wp-json\/wp\/v2\/users\/1"}],"replies":[{"embeddable":true,"href":"https:\/\/www.tyovaenmuseo.fi\/sv\/wp-json\/wp\/v2\/comments?post=2039"}],"version-history":[{"count":8,"href":"https:\/\/www.tyovaenmuseo.fi\/sv\/wp-json\/wp\/v2\/pages\/2039\/revisions"}],"predecessor-version":[{"id":4911,"href":"https:\/\/www.tyovaenmuseo.fi\/sv\/wp-json\/wp\/v2\/pages\/2039\/revisions\/4911"}],"up":[{"embeddable":true,"href":"https:\/\/www.tyovaenmuseo.fi\/sv\/wp-json\/wp\/v2\/pages\/2113"}],"wp:attachment":[{"href":"https:\/\/www.tyovaenmuseo.fi\/sv\/wp-json\/wp\/v2\/media?parent=2039"}],"curies":[{"name":"wp","href":"https:\/\/api.w.org\/{rel}","templated":true}]}}