{"id":2110,"date":"2022-01-20T09:31:41","date_gmt":"2022-01-20T07:31:41","guid":{"rendered":"http:\/\/www.xn--tyvenmuseo-s5a8s.fi\/utstallningar\/"},"modified":"2026-04-16T11:46:45","modified_gmt":"2026-04-16T08:46:45","slug":"utstallningar","status":"publish","type":"page","link":"https:\/\/www.tyovaenmuseo.fi\/sv\/utstallningar\/","title":{"rendered":"Utst\u00e4llningar"},"content":{"rendered":"<p>[et_pb_section fb_built=&#8221;1&#8243; fullwidth=&#8221;on&#8221; _builder_version=&#8221;4.13.1&#8243; _module_preset=&#8221;default&#8221; global_colors_info=&#8221;{}&#8221;][et_pb_fullwidth_header title=&#8221;@ET-DC@eyJkeW5hbWljIjp0cnVlLCJjb250ZW50IjoicG9zdF9saW5rIiwic2V0dGluZ3MiOnsiYmVmb3JlIjoiIiwiYWZ0ZXIiOiIiLCJ0ZXh0IjoicG9zdF90aXRsZSIsImN1c3RvbV90ZXh0IjoiIn19@&#8221; text_orientation=&#8221;center&#8221; _builder_version=&#8221;4.14.7&#8243; _dynamic_attributes=&#8221;title&#8221; _module_preset=&#8221;default&#8221; title_font=&#8221;Interstate Bold|||on|||||&#8221; title_font_size=&#8221;35px&#8221; title_letter_spacing=&#8221;1px&#8221; background_color=&#8221;rgba(10,10,10,0.5)&#8221; background_image=&#8221;https:\/\/www.tyovaenmuseo.fi\/wp-content\/uploads\/2023\/11\/Werstas_tyokalut_header.jpg&#8221; background_blend=&#8221;overlay&#8221; min_height=&#8221;450px&#8221; min_height_tablet=&#8221;450px&#8221; min_height_phone=&#8221;300px&#8221; min_height_last_edited=&#8221;on|phone&#8221; custom_padding=&#8221;200px||||false|false&#8221; custom_padding_tablet=&#8221;200px||||false|false&#8221; custom_padding_phone=&#8221;140px||||false|false&#8221; custom_padding_last_edited=&#8221;on|phone&#8221; title_font_size_tablet=&#8221;35px&#8221; title_font_size_phone=&#8221;23px&#8221; title_font_size_last_edited=&#8221;on|phone&#8221; title_text_shadow_style=&#8221;preset3&#8243; title_text_shadow_blur_strength=&#8221;0.41em&#8221; title_text_shadow_color=&#8221;rgba(0,0,0,0.89)&#8221; global_colors_info=&#8221;{}&#8221;][\/et_pb_fullwidth_header][\/et_pb_section][et_pb_section fb_built=&#8221;1&#8243; _builder_version=&#8221;4.14.1&#8243; _module_preset=&#8221;default&#8221; custom_padding=&#8221;||107px|||&#8221; top_divider_style=&#8221;slant&#8221; top_divider_color=&#8221;#F1F1F1&#8243; top_divider_height=&#8221;47px&#8221; top_divider_height_tablet=&#8221;47px&#8221; top_divider_height_phone=&#8221;20px&#8221; top_divider_height_last_edited=&#8221;on|phone&#8221; global_colors_info=&#8221;{}&#8221;][et_pb_row column_structure=&#8221;1_3,1_3,1_3&#8243; use_custom_gutter=&#8221;on&#8221; custom_padding_last_edited=&#8221;on|phone&#8221; _builder_version=&#8221;4.14.1&#8243; _module_preset=&#8221;default&#8221; background_enable_color=&#8221;off&#8221; width=&#8221;100%&#8221; custom_margin=&#8221;|auto|0px|auto|false|false&#8221; custom_padding=&#8221;91px||0px||false|false&#8221; custom_padding_tablet=&#8221;60px||||false|false&#8221; custom_padding_phone=&#8221;90px||0px||false|false&#8221; global_colors_info=&#8221;{}&#8221;][et_pb_column type=&#8221;1_3&#8243; _builder_version=&#8221;4.14.1&#8243; _module_preset=&#8221;default&#8221; background_color=&#8221;#F1F1F1&#8243; global_colors_info=&#8221;{}&#8221;][et_pb_image alt=&#8221;Kaksi miest\u00e4 huomiovaatteissa&#8221; title_text=&#8221;yv_verkkosivut (2)&#8221; _builder_version=&#8221;4.14.7&#8243; _module_preset=&#8221;default&#8221; background_image=&#8221;https:\/\/www.tyovaenmuseo.fi\/wp-content\/uploads\/2023\/06\/yv_verkkosivut-2.png&#8221; custom_padding=&#8221;||200px||false|false&#8221; global_colors_info=&#8221;{}&#8221;][\/et_pb_image][et_pb_text _builder_version=&#8221;4.14.7&#8243; _module_preset=&#8221;default&#8221; header_text_color=&#8221;#93122A&#8221; header_2_font=&#8221;|700|||||||&#8221; header_2_text_color=&#8221;#93122A&#8221; header_2_font_size=&#8221;28px&#8221; header_3_text_color=&#8221;#93122A&#8221; custom_margin=&#8221;||1px|||&#8221; custom_padding=&#8221;10px|20px|10px|20px|false|false&#8221; global_colors_info=&#8221;{}&#8221;]<\/p>\n<h2>United<strong><\/strong><\/h2>\n<p>[\/et_pb_text][et_pb_text _builder_version=&#8221;4.14.7&#8243; _module_preset=&#8221;default&#8221; text_text_color=&#8221;#404040&#8243; custom_margin=&#8221;||10px|||&#8221; custom_padding=&#8221;|20px|20px|20px|false|false&#8221; global_colors_info=&#8221;{}&#8221;]<\/p>\n<p>Utst\u00e4llningen ber\u00e4ttar hur arbetarna har tillsammans k\u00e4mpade f\u00f6r b\u00e4ttre tider i Finland f\u00f6r att skapa v\u00e4lf\u00e4rdstat. <\/p>\n<p>[\/et_pb_text][et_pb_button button_url=&#8221;@ET-DC@eyJkeW5hbWljIjp0cnVlLCJjb250ZW50IjoicG9zdF9saW5rX3VybF9wYWdlIiwic2V0dGluZ3MiOnsicG9zdF9pZCI6IjIxMTAifX0=@&#8221; button_text=&#8221;L\u00e4s mer&#8221; _builder_version=&#8221;4.14.7&#8243; _dynamic_attributes=&#8221;button_url&#8221; _module_preset=&#8221;default&#8221; custom_button=&#8221;on&#8221; button_text_color=&#8221;#FFFFFF&#8221; button_bg_color=&#8221;#93122a&#8221; button_border_width=&#8221;0px&#8221; button_border_radius=&#8221;0px&#8221; button_font=&#8221;|700|||||||&#8221; custom_margin=&#8221;10px|20px|20px|20px|false|false&#8221; custom_padding=&#8221;||||false|false&#8221; locked=&#8221;off&#8221; global_colors_info=&#8221;{}&#8221;][\/et_pb_button][\/et_pb_column][et_pb_column type=&#8221;1_3&#8243; _builder_version=&#8221;4.14.1&#8243; _module_preset=&#8221;default&#8221; background_color=&#8221;#F1F1F1&#8243; global_colors_info=&#8221;{}&#8221;][et_pb_image alt=&#8221;Kaksi miest\u00e4 huomiovaatteissa&#8221; title_text=&#8221;Werstas_nayttelyt_Teollisuusmuseo_tunnuskuva&#8221; _builder_version=&#8221;4.14.1&#8243; _module_preset=&#8221;default&#8221; background_image=&#8221;https:\/\/www.tyovaenmuseo.fi\/wp-content\/uploads\/2021\/11\/Werstas_nayttelyt_Teollisuusmuseo_tunnuskuva.jpg&#8221; custom_padding=&#8221;||200px||false|false&#8221; global_colors_info=&#8221;{}&#8221;][\/et_pb_image][et_pb_text _builder_version=&#8221;4.14.1&#8243; _module_preset=&#8221;default&#8221; header_text_color=&#8221;#93122A&#8221; header_2_font=&#8221;|700|||||||&#8221; header_2_text_color=&#8221;#93122A&#8221; header_2_font_size=&#8221;28px&#8221; header_3_text_color=&#8221;#93122A&#8221; custom_margin=&#8221;||1px|||&#8221; custom_padding=&#8221;10px|20px|10px|20px|false|false&#8221; global_colors_info=&#8221;{}&#8221;]<\/p>\n<h2>Industrimuseet<\/h2>\n<p>[\/et_pb_text][et_pb_text _builder_version=&#8221;4.14.1&#8243; _module_preset=&#8221;default&#8221; text_text_color=&#8221;#404040&#8243; custom_margin=&#8221;||10px|||&#8221; custom_padding=&#8221;|20px|20px|20px|false|false&#8221; global_colors_info=&#8221;{}&#8221;]<\/p>\n<p>Industrimuseet \u00e4r ett bes\u00f6ksm\u00e5l f\u00f6r hela familjen och alla som intresserar sig f\u00f6r fabriksstadens historia. <\/p>\n<p>[\/et_pb_text][et_pb_button button_url=&#8221;@ET-DC@eyJkeW5hbWljIjp0cnVlLCJjb250ZW50IjoicG9zdF9saW5rX3VybF9wYWdlIiwic2V0dGluZ3MiOnsicG9zdF9pZCI6IjQ3MyJ9fQ==@&#8221; button_text=&#8221;L\u00e4s mer&#8221; _builder_version=&#8221;4.14.1&#8243; _dynamic_attributes=&#8221;button_url&#8221; _module_preset=&#8221;default&#8221; custom_button=&#8221;on&#8221; button_text_color=&#8221;#FFFFFF&#8221; button_bg_color=&#8221;#93122a&#8221; button_border_width=&#8221;0px&#8221; button_border_radius=&#8221;0px&#8221; button_font=&#8221;|700|||||||&#8221; custom_margin=&#8221;10px|20px|20px|20px|false|false&#8221; custom_padding=&#8221;||||false|false&#8221; locked=&#8221;off&#8221; global_colors_info=&#8221;{}&#8221;][\/et_pb_button][\/et_pb_column][et_pb_column type=&#8221;1_3&#8243; _builder_version=&#8221;4.14.1&#8243; _module_preset=&#8221;default&#8221; background_color=&#8221;#F1F1F1&#8243; global_colors_info=&#8221;{}&#8221;][et_pb_image alt=&#8221;Kaksi miest\u00e4 huomiovaatteissa&#8221; title_text=&#8221;werstas_nayttelyt_Hoyrykonemuseo_kuvaaja_Mikko_Vares-(1)&#8221; _builder_version=&#8221;4.14.1&#8243; _module_preset=&#8221;default&#8221; background_image=&#8221;https:\/\/www.tyovaenmuseo.fi\/wp-content\/uploads\/2021\/11\/werstas_nayttelyt_Hoyrykonemuseo_kuvaaja_Mikko_Vares-1.jpg&#8221; custom_padding=&#8221;||200px||false|false&#8221; global_colors_info=&#8221;{}&#8221;][\/et_pb_image][et_pb_text _builder_version=&#8221;4.14.1&#8243; _module_preset=&#8221;default&#8221; header_text_color=&#8221;#93122A&#8221; header_2_font=&#8221;|700|||||||&#8221; header_2_text_color=&#8221;#93122A&#8221; header_2_font_size=&#8221;28px&#8221; header_3_text_color=&#8221;#93122A&#8221; custom_margin=&#8221;||1px|||&#8221; custom_padding=&#8221;10px|20px|10px|20px|false|false&#8221; global_colors_info=&#8221;{}&#8221;]<\/p>\n<h2>\u00c5ngmaskinsmuseet<\/h2>\n<p>[\/et_pb_text][et_pb_text _builder_version=&#8221;4.14.1&#8243; _module_preset=&#8221;default&#8221; text_text_color=&#8221;#404040&#8243; custom_margin=&#8221;||10px|||&#8221; custom_padding=&#8221;|20px|20px|20px|false|false&#8221; global_colors_info=&#8221;{}&#8221;]<\/p>\n<p>Finlands st\u00f6rsta \u00e5ngmaskin p\u00e5 sin ursprungliga plats. Maskinen anv\u00e4ndes som kraftk\u00e4lla p\u00e5 Finlaysons fabrik i b\u00f6rjan av 1900-talet.<\/p>\n<p>[\/et_pb_text][et_pb_button button_url=&#8221;@ET-DC@eyJkeW5hbWljIjp0cnVlLCJjb250ZW50IjoicG9zdF9saW5rX3VybF9wYWdlIiwic2V0dGluZ3MiOnsicG9zdF9pZCI6IjM1OCJ9fQ==@&#8221; button_text=&#8221;L\u00e4s mer&#8221; _builder_version=&#8221;4.14.1&#8243; _dynamic_attributes=&#8221;button_url&#8221; _module_preset=&#8221;default&#8221; custom_button=&#8221;on&#8221; button_text_color=&#8221;#FFFFFF&#8221; button_bg_color=&#8221;#93122a&#8221; button_border_width=&#8221;0px&#8221; button_border_radius=&#8221;0px&#8221; button_font=&#8221;|700|||||||&#8221; custom_margin=&#8221;10px|20px|20px|20px|false|false&#8221; custom_padding=&#8221;||||false|false&#8221; locked=&#8221;off&#8221; global_colors_info=&#8221;{}&#8221;][\/et_pb_button][\/et_pb_column][\/et_pb_row][et_pb_row column_structure=&#8221;1_3,1_3,1_3&#8243; use_custom_gutter=&#8221;on&#8221; custom_padding_last_edited=&#8221;on|phone&#8221; _builder_version=&#8221;4.14.1&#8243; _module_preset=&#8221;default&#8221; background_enable_color=&#8221;off&#8221; width=&#8221;100%&#8221; min_height=&#8221;532px&#8221; custom_margin=&#8221;|auto|0px|auto|false|false&#8221; custom_padding=&#8221;111px||0px||false|false&#8221; custom_padding_tablet=&#8221;60px||||false|false&#8221; custom_padding_phone=&#8221;90px||0px||false|false&#8221; global_colors_info=&#8221;{}&#8221;][et_pb_column type=&#8221;1_3&#8243; _builder_version=&#8221;4.14.1&#8243; _module_preset=&#8221;default&#8221; background_color=&#8221;#F1F1F1&#8243; global_colors_info=&#8221;{}&#8221;][et_pb_image alt=&#8221;Kaksi miest\u00e4 huomiovaatteissa&#8221; title_text=&#8221;031_Kaiharin_tunnuskuva_UKK-arkisto-kaiharin-kokoelma_web&#8221; _builder_version=&#8221;4.14.7&#8243; _module_preset=&#8221;default&#8221; background_image=&#8221;https:\/\/www.tyovaenmuseo.fi\/wp-content\/uploads\/2026\/01\/031_Kaiharin_tunnuskuva_UKK-arkisto-kaiharin-kokoelma_web.jpg&#8221; custom_padding=&#8221;||200px||false|false&#8221; hover_enabled=&#8221;0&#8243; global_colors_info=&#8221;{}&#8221; sticky_enabled=&#8221;0&#8243;][\/et_pb_image][et_pb_text _builder_version=&#8221;4.14.7&#8243; _module_preset=&#8221;default&#8221; header_text_color=&#8221;#93122A&#8221; header_2_font=&#8221;|700|||||||&#8221; header_2_text_color=&#8221;#93122A&#8221; header_2_font_size=&#8221;28px&#8221; header_3_text_color=&#8221;#93122A&#8221; custom_margin=&#8221;||1px|||&#8221; custom_padding=&#8221;10px|20px|10px|20px|false|false&#8221; hover_enabled=&#8221;0&#8243; global_colors_info=&#8221;{}&#8221; sticky_enabled=&#8221;0&#8243;]<\/p>\n<h2>Kalle Kaiharis liv<\/h2>\n<h3><strong>13.2.2026\u201310.1.2027<\/strong><\/h3>\n<p>[\/et_pb_text][et_pb_text _builder_version=&#8221;4.14.7&#8243; _module_preset=&#8221;default&#8221; text_text_color=&#8221;#404040&#8243; custom_margin=&#8221;||10px|||&#8221; custom_padding=&#8221;|20px|20px|20px|false|false&#8221; hover_enabled=&#8221;0&#8243; global_colors_info=&#8221;{}&#8221; sticky_enabled=&#8221;0&#8243;]<\/p>\n<p>Utst\u00e4llningen skildrar kommerser\u00e5det Kalle Kaiharis f\u00e4rgstarka liv fr\u00e5n arbetarbakgrund till inflytelserik k\u00f6pman och samh\u00e4llsp\u00e5verkare. Samtidigt belyses hans betydelse f\u00f6r Tammerfors utveckling.<\/p>\n<p>[\/et_pb_text][\/et_pb_column][et_pb_column type=&#8221;1_3&#8243; _builder_version=&#8221;4.14.1&#8243; _module_preset=&#8221;default&#8221; background_color=&#8221;#F1F1F1&#8243; global_colors_info=&#8221;{}&#8221;][et_pb_image alt=&#8221;Kaksi miest\u00e4 huomiovaatteissa&#8221; title_text=&#8221;Rikoksetta_rangaistut_Vesa_Ranta_web&#8221; _builder_version=&#8221;4.14.7&#8243; _module_preset=&#8221;default&#8221; background_image=&#8221;https:\/\/www.tyovaenmuseo.fi\/wp-content\/uploads\/2026\/01\/Rikoksetta_rangaistut_Vesa_Ranta_web.jpg&#8221; custom_padding=&#8221;||200px||false|false&#8221; hover_enabled=&#8221;0&#8243; global_colors_info=&#8221;{}&#8221; sticky_enabled=&#8221;0&#8243;][\/et_pb_image][et_pb_text _builder_version=&#8221;4.14.7&#8243; _module_preset=&#8221;default&#8221; header_text_color=&#8221;#93122A&#8221; header_2_font=&#8221;|700|||||||&#8221; header_2_text_color=&#8221;#93122A&#8221; header_2_font_size=&#8221;28px&#8221; header_3_text_color=&#8221;#93122A&#8221; custom_margin=&#8221;||1px|||&#8221; custom_padding=&#8221;10px|20px|10px|20px|false|false&#8221; hover_enabled=&#8221;0&#8243; global_colors_info=&#8221;{}&#8221; sticky_enabled=&#8221;0&#8243;]<\/p>\n<h2><strong>Straffade utan brott <\/strong><\/h2>\n<h3><strong>30.4.\u201320.9.2026<\/strong><\/h3>\n<p>[\/et_pb_text][et_pb_text _builder_version=&#8221;4.14.7&#8243; _module_preset=&#8221;default&#8221; text_text_color=&#8221;#404040&#8243; custom_margin=&#8221;||10px|||&#8221; custom_padding=&#8221;|20px|20px|20px|false|false&#8221; hover_enabled=&#8221;0&#8243; global_colors_info=&#8221;{}&#8221; sticky_enabled=&#8221;0&#8243;]<\/p>\n<p>Utst\u00e4llningen ber\u00e4ttar om Finlands arbetsinr\u00e4ttningar och de m\u00e4nniskor som placerades d\u00e4r utan brott, samt om vardagen och systemets bakgrund under 1900-talet.<\/p>\n<p>[\/et_pb_text][\/et_pb_column][et_pb_column type=&#8221;1_3&#8243; _builder_version=&#8221;4.14.1&#8243; _module_preset=&#8221;default&#8221; background_color=&#8221;#F1F1F1&#8243; global_colors_info=&#8221;{}&#8221;][et_pb_image alt=&#8221;Kaksi miest\u00e4 huomiovaatteissa&#8221; title_text=&#8221;sointula-ensimmainen-pirtti-TA-web&#8221; _builder_version=&#8221;4.14.7&#8243; _module_preset=&#8221;default&#8221; background_image=&#8221;https:\/\/www.tyovaenmuseo.fi\/wp-content\/uploads\/2026\/04\/sointula-ensimmainen-pirtti-TA-web.jpg&#8221; custom_padding=&#8221;||200px||false|false&#8221; hover_enabled=&#8221;0&#8243; global_colors_info=&#8221;{}&#8221; sticky_enabled=&#8221;0&#8243;][\/et_pb_image][et_pb_text _builder_version=&#8221;4.14.7&#8243; _module_preset=&#8221;default&#8221; header_text_color=&#8221;#93122A&#8221; header_2_font=&#8221;|700|||||||&#8221; header_2_text_color=&#8221;#93122A&#8221; header_2_font_size=&#8221;28px&#8221; header_3_text_color=&#8221;#93122A&#8221; custom_margin=&#8221;||1px|||&#8221; custom_padding=&#8221;10px|20px|10px|20px|false|false&#8221; hover_enabled=&#8221;0&#8243; global_colors_info=&#8221;{}&#8221; sticky_enabled=&#8221;0&#8243;]<\/p>\n<h2><strong>Utopins tid \u2013 finska idealsamh\u00e4llen<\/strong><\/h2>\n<h3><strong>24.10.2026\u20137.3.2027<\/strong><\/h3>\n<p>[\/et_pb_text][et_pb_text _builder_version=&#8221;4.14.7&#8243; _module_preset=&#8221;default&#8221; text_text_color=&#8221;#404040&#8243; custom_margin=&#8221;||10px|||&#8221; custom_padding=&#8221;|20px|20px|20px|false|false&#8221; hover_enabled=&#8221;0&#8243; global_colors_info=&#8221;{}&#8221; sticky_enabled=&#8221;0&#8243;]<\/p>\n<p>Utst\u00e4llningen presenterar finl\u00e4ndska f\u00f6rs\u00f6k att bygga idealsamh\u00e4llen runt om i v\u00e4rlden och utforskar b\u00e5de historiska utopier och dagens visioner om en b\u00e4ttre framtid.<\/p>\n<p>[\/et_pb_text][\/et_pb_column][\/et_pb_row][\/et_pb_section]<\/p>\n","protected":false},"excerpt":{"rendered":"<p>UnitedUtst\u00e4llningen ber\u00e4ttar hur arbetarna har tillsammans k\u00e4mpade f\u00f6r b\u00e4ttre tider i Finland f\u00f6r att skapa v\u00e4lf\u00e4rdstat. IndustrimuseetIndustrimuseet \u00e4r ett bes\u00f6ksm\u00e5l f\u00f6r hela familjen och alla som intresserar sig f\u00f6r fabriksstadens historia. \u00c5ngmaskinsmuseetFinlands st\u00f6rsta \u00e5ngmaskin p\u00e5 sin ursprungliga plats. Maskinen anv\u00e4ndes som kraftk\u00e4lla p\u00e5 Finlaysons fabrik i b\u00f6rjan av 1900-talet.Kalle Kaiharis liv 13.2.2026\u201310.1.2027Utst\u00e4llningen skildrar kommerser\u00e5det Kalle [&hellip;]<\/p>\n","protected":false},"author":1,"featured_media":0,"parent":0,"menu_order":0,"comment_status":"closed","ping_status":"closed","template":"","meta":{"_et_pb_use_builder":"on","_et_pb_old_content":"","_et_gb_content_width":"","footnotes":""},"class_list":["post-2110","page","type-page","status-publish","hentry"],"_links":{"self":[{"href":"https:\/\/www.tyovaenmuseo.fi\/sv\/wp-json\/wp\/v2\/pages\/2110","targetHints":{"allow":["GET"]}}],"collection":[{"href":"https:\/\/www.tyovaenmuseo.fi\/sv\/wp-json\/wp\/v2\/pages"}],"about":[{"href":"https:\/\/www.tyovaenmuseo.fi\/sv\/wp-json\/wp\/v2\/types\/page"}],"author":[{"embeddable":true,"href":"https:\/\/www.tyovaenmuseo.fi\/sv\/wp-json\/wp\/v2\/users\/1"}],"replies":[{"embeddable":true,"href":"https:\/\/www.tyovaenmuseo.fi\/sv\/wp-json\/wp\/v2\/comments?post=2110"}],"version-history":[{"count":21,"href":"https:\/\/www.tyovaenmuseo.fi\/sv\/wp-json\/wp\/v2\/pages\/2110\/revisions"}],"predecessor-version":[{"id":9099,"href":"https:\/\/www.tyovaenmuseo.fi\/sv\/wp-json\/wp\/v2\/pages\/2110\/revisions\/9099"}],"wp:attachment":[{"href":"https:\/\/www.tyovaenmuseo.fi\/sv\/wp-json\/wp\/v2\/media?parent=2110"}],"curies":[{"name":"wp","href":"https:\/\/api.w.org\/{rel}","templated":true}]}}